{"id":9,"date":"2018-09-28T17:47:09","date_gmt":"2018-09-28T15:47:09","guid":{"rendered":"http:\/\/ffss-73.fr\/?page_id=9"},"modified":"2025-08-22T14:35:19","modified_gmt":"2025-08-22T12:35:19","slug":"lassociation","status":"publish","type":"page","link":"https:\/\/ffss-73.fr\/index.php\/lassociation\/","title":{"rendered":"L&rsquo;association"},"content":{"rendered":"<h2><img loading=\"lazy\" decoding=\"async\" class=\"wp-image-220 aligncenter\" src=\"https:\/\/ffss-73.fr\/wp-content\/uploads\/2018\/10\/18619923_1534467013264470_761163372471759868_n-300x300.jpg\" alt=\"\" width=\"220\" height=\"220\" srcset=\"https:\/\/ffss-73.fr\/wp-content\/uploads\/2018\/10\/18619923_1534467013264470_761163372471759868_n-300x300.jpg 300w, https:\/\/ffss-73.fr\/wp-content\/uploads\/2018\/10\/18619923_1534467013264470_761163372471759868_n-150x150.jpg 150w, https:\/\/ffss-73.fr\/wp-content\/uploads\/2018\/10\/18619923_1534467013264470_761163372471759868_n.jpg 354w\" sizes=\"auto, (max-width: 220px) 100vw, 220px\" \/><\/h2>\n<h2><span style=\"color: #00ccff;\"><strong>HISTORIQUE<\/strong><\/span><\/h2>\n<p><strong>1978 <\/strong>: cr\u00e9ation du Comit\u00e9 D\u00e9partemental de la Savoie avec 2 associations \u00e0 son origine : la Sauveteurs Secouristes de Savoie (SSS) et l\u2019Ecole de Sauvetage Secourisme Aquatique (ESSA) bas\u00e9e sur Aix-Les-Bains.<\/p>\n<p><strong>Dans les ann\u00e9es 1990<\/strong> : regroupement de l\u2019ensemble des moyens dans le Comit\u00e9 D\u00e9partemental existant.<\/p>\n<p><strong>2000<\/strong> : cr\u00e9ation de la Ligue Rh\u00f4ne-Alpes de la FFSS, dont le Comit\u00e9 de Savoie int\u00e8gre de droit le Comit\u00e9 Directeur, aupr\u00e8s des autres Comit\u00e9s de la R\u00e9gion.<\/p>\n<p><strong>18.01.2007<\/strong> : le Comit\u00e9 D\u00e9partemental fait partie de mani\u00e8re permanente du Conseil D\u00e9partemental de la S\u00e9curit\u00e9 Civile au sein de la Pr\u00e9fecture de Savoie.<\/p>\n<p><strong>2016<\/strong> : signature de la convention tripartite d\u2019\u00e9vacuation des victimes entre le CD, le Service D\u00e9partemental d\u2019Incendie et de Secours (SDIS) et le Service d\u2019Aide M\u00e9dicale Urgente (SAMU).<\/p>\n<p><strong>2022 :\u00a0<\/strong>L&rsquo;association fait l&rsquo;acquisition d&rsquo;un nouveau VPSP de la gamme Renault Master en cellule carr\u00e9e.<\/p>\n<p><strong>2023 : <\/strong>L&rsquo;association fait l&rsquo;acquisition d&rsquo;un nouveau v\u00e9hicule l\u00e9ger d&rsquo;intervention, de la gamme Dacia Duster derni\u00e8re g\u00e9n\u00e9ration.<\/p>\n<p><strong>2024 : <\/strong>Actuellement, le Comit\u00e9 D\u00e9partemental compte deux associations affili\u00e9es, le Centre de Formation aux Premiers Secours (CFPS) pr\u00e9sid\u00e9 par Laurent Saez et les Sauveteurs Secouristes C\u0153ur de Savoie (SSCS 73) pr\u00e9sider par Surnon Laurianne.<\/p>\n<p><strong>2025 :<\/strong> L&rsquo;activit\u00e9 op\u00e9rationnelle du Comit\u00e9 D\u00e9partemental est en plein essor et ne cesse de s&rsquo;accro\u00eetre.<\/p>\n","protected":false},"excerpt":{"rendered":"<p>HISTORIQUE 1978 : cr\u00e9ation du Comit\u00e9 D\u00e9partemental de la Savoie avec 2 associations \u00e0 son origine : la Sauveteurs Secouristes de Savoie (SSS) et l\u2019Ecole de Sauvetage Secourisme Aquatique (ESSA) bas\u00e9e sur Aix-Les-Bains. Dans les ann\u00e9es 1990 : regroupement de l\u2019ensemble des moyens dans le Comit\u00e9 D\u00e9partemental existant. 2000 : [&hellip;]<\/p>\n","protected":false},"author":1,"featured_media":0,"parent":0,"menu_order":0,"comment_status":"closed","ping_status":"closed","template":"","meta":{"footnotes":""},"class_list":["post-9","page","type-page","status-publish","hentry"],"_links":{"self":[{"href":"https:\/\/ffss-73.fr\/index.php\/wp-json\/wp\/v2\/pages\/9","targetHints":{"allow":["GET"]}}],"collection":[{"href":"https:\/\/ffss-73.fr\/index.php\/wp-json\/wp\/v2\/pages"}],"about":[{"href":"https:\/\/ffss-73.fr\/index.php\/wp-json\/wp\/v2\/types\/page"}],"author":[{"embeddable":true,"href":"https:\/\/ffss-73.fr\/index.php\/wp-json\/wp\/v2\/users\/1"}],"replies":[{"embeddable":true,"href":"https:\/\/ffss-73.fr\/index.php\/wp-json\/wp\/v2\/comments?post=9"}],"version-history":[{"count":4,"href":"https:\/\/ffss-73.fr\/index.php\/wp-json\/wp\/v2\/pages\/9\/revisions"}],"predecessor-version":[{"id":2282,"href":"https:\/\/ffss-73.fr\/index.php\/wp-json\/wp\/v2\/pages\/9\/revisions\/2282"}],"wp:attachment":[{"href":"https:\/\/ffss-73.fr\/index.php\/wp-json\/wp\/v2\/media?parent=9"}],"curies":[{"name":"wp","href":"https:\/\/api.w.org\/{rel}","templated":true}]}}