{"id":732,"date":"2022-09-06T08:00:51","date_gmt":"2022-09-06T06:00:51","guid":{"rendered":"https:\/\/ffss-73.fr\/?page_id=732"},"modified":"2025-08-02T17:48:23","modified_gmt":"2025-08-02T15:48:23","slug":"formation-continue","status":"publish","type":"page","link":"https:\/\/ffss-73.fr\/index.php\/formation-continue\/","title":{"rendered":"Formation continue PSE 1 &#8211; PSE 2"},"content":{"rendered":"<p style=\"text-align: center;\"><img loading=\"lazy\" decoding=\"async\" class=\"alignnone wp-image-1380\" src=\"https:\/\/ffss-73.fr\/wp-content\/uploads\/2022\/09\/IMG-20220212-WA0008-224x300.jpg\" alt=\"\" width=\"374\" height=\"501\" srcset=\"https:\/\/ffss-73.fr\/wp-content\/uploads\/2022\/09\/IMG-20220212-WA0008-224x300.jpg 224w, https:\/\/ffss-73.fr\/wp-content\/uploads\/2022\/09\/IMG-20220212-WA0008-768x1027.jpg 768w, https:\/\/ffss-73.fr\/wp-content\/uploads\/2022\/09\/IMG-20220212-WA0008-766x1024.jpg 766w, https:\/\/ffss-73.fr\/wp-content\/uploads\/2022\/09\/IMG-20220212-WA0008.jpg 1197w\" sizes=\"auto, (max-width: 374px) 100vw, 374px\" \/><\/p>\n<p>Toute personne qui d\u00e9sire avoir une activit\u00e9 professionnelle, b\u00e9n\u00e9vole ou volontaire au sein d\u2019une structure de s\u00e9curit\u00e9 civile.<\/p>\n<ul>\n<li>\n<h4><span style=\"color: #00ffff;\"><strong><span style=\"color: #33cccc;\">OBJECTIFS<\/span> <\/strong><\/span><\/h4>\n<\/li>\n<\/ul>\n<p>Mise \u00e0 jour de la comp\u00e9tence d\u2019\u00e9quipier secouriste ( pse2)\u00a0 ou secouriste (pse1) par le biais de r\u00e9visions des connaissances, d\u2019attitudes et de savoir-faire n\u00e9cessaires \u00e0 la prise en charge d\u2019une ou de plusieurs victimes au c\u00f4t\u00e9 d\u2019un secouriste ou au sein d\u2019une \u00e9quipe de secours.<\/p>\n<ul>\n<li>\n<h4><strong><span style=\"color: #33cccc;\">PRE REQUIS ET CONDITIONS D\u2019ACC\u00c8S<\/span><br \/><\/strong><\/h4>\n<p>&#8211; Poss\u00e9der le PSE1 et\/ou le PSE 2 en cours de validit\u00e9.<\/p>\n<\/li>\n<li>\n<h4><span style=\"color: #33cccc;\"><strong>R\u00d4LE ET MISSIONS<\/strong><\/span><\/h4>\n<\/li>\n<\/ul>\n<p>&gt; L\u2019\u00e9quipier secouriste ou le secouriste est une personne form\u00e9e et entra\u00een\u00e9e, capable de prendre en charge une ou plusieurs victimes. Cette prise en charge, avec du mat\u00e9riel de premiers secours adapt\u00e9 \u00e0 la situation rencontr\u00e9e, a pour but de pr\u00e9server l\u2019int\u00e9grit\u00e9 physique de la ou des victimes en attendant le relais.<br \/>&gt; L\u2019\u00e9quipier secouriste peut choisir, ex\u00e9cuter ou faire ex\u00e9cuter correctement les gestes de premiers secours, aux c\u00f4t\u00e9s d\u2019un secouriste PSE1, agir en \u00e9quipe sous la responsabilit\u00e9 d\u2019un chef d\u2019\u00e9quipe au sein d\u2019un poste de secours ou d\u2019une \u00e9quipe de transport d\u2019urgence.<\/p>\n<ul>\n<li>\n<h4><span style=\"color: #33cccc;\"><strong>CONTENU DE LA FORMATION<\/strong><\/span><\/h4>\n<\/li>\n<\/ul>\n<p><strong>PSE 1<\/strong><\/p>\n<ol>\n<li>Les traumatismes des membres<\/li>\n<li><span style=\"color: initial;\">Les br\u00fblures<\/span><\/li>\n<li>Les plaies<\/li>\n<li>Le maintien du potentiel mental du secouriste<\/li>\n<\/ol>\n<p><strong>PSE 2<\/strong><\/p>\n<ol>\n<li>Programme FC PSE 1<\/li>\n<li>L&rsquo;accouchement inopin\u00e9<\/li>\n<li>La prise en charge du nouveau-n\u00e9 \u00e0 la naissance<\/li>\n<li>Les immobilisations de membres<\/li>\n<li>Les souffrances psychologiques et comportements inhabituels<\/li>\n<\/ol>\n<ul>\n<li>\n<h4><span style=\"color: #33cccc;\"><strong>ADMINISTRATIF<\/strong><\/span><\/h4>\n<\/li>\n<\/ul>\n<p><strong>&#8211; <\/strong>Inscription sur <a href=\"&#x6d;a&#x69;&#108;&#x74;&#111;&#x3a;&#x66;o&#x72;&#109;&#x61;&#116;&#x69;&#111;n&#x66;&#102;&#x73;&#115;&#x37;&#51;&#64;&#x67;&#109;&#x61;&#105;&#x6c;&#46;c&#x6f;m\">&#102;&#x6f;&#114;&#x6d;&#97;&#x74;&#105;&#x6f;&#110;&#x66;&#102;&#x73;s&#x37;3&#x40;g&#x6d;a&#x69;l&#x2e;c&#111;&#x6d;<\/a><br \/><strong>&#8211;<\/strong> Contr\u00f4le des pi\u00e8ces justificatives.<br \/><strong>&#8211;<\/strong> <strong>Pr\u00e9requis<\/strong>\u00a0: poss\u00e9der le PSE1 et\/ou le PSE 2 en cours de validit\u00e9.<br \/><strong>&#8211; <\/strong>Construction tarifaire :\u00a0 Pour le tarif de la formation veuillez nous consulter.<br \/><strong>&#8211; <\/strong>Frais de certification\u00a0: inclus dans les frais p\u00e9dagogiques.<br \/><strong>&#8211; <\/strong>D\u00e9roulement de la formation\u00a0: sur une journ\u00e9e, \u00e0 date et horaires d\u00e9finis.<br \/><strong>&#8211; <\/strong>Formation pr\u00e9sentielle uniquement.<br \/><strong>&#8211; <\/strong>Dur\u00e9e\u00a0: 8 heures de face \u00e0 face p\u00e9dagogique.<br \/><strong>&#8211; <\/strong>Modalit\u00e9s d\u2019\u00e9valuation\u00a0: \u00e9valuation formative et sommative.<br \/><strong>&#8211; <\/strong>D\u00e9lais d\u2019acc\u00e8s \u00e0 la formation : \u00e0 r\u00e9ception des documents demand\u00e9s et du paiement de la formation.<\/p>\n<p><strong>\u2013\u00a0<\/strong>Les moyens p\u00e9dagogiques et organisationnels : formation encadr\u00e9e par des formateurs PS dipl\u00f4m\u00e9 \u2013 utilisation d\u2019un extranet (Dendreo) pour faciliter l\u2019acc\u00e8s des candidats \u00e0 la documentation n\u00e9cessaire d\u00e9finie par le programme \u2013 Support p\u00e9dagogique Prezi (FFSS National) et Icone Graphic \u2013 Mat\u00e9riels de premiers secours et utilisation de mannequin et d\u00e9fibrillateur de formation.<br \/><strong>&#8211; <\/strong>Services annexes\u00a0: &#8211; Restauration\u00a0: micro-ondes \u2013 r\u00e9frig\u00e9rateurs.<br \/>&#8211; H\u00e9bergement\u00a0: h\u00f4tels \u00e0 proximit\u00e9.<br \/>&#8211; Transport : arr\u00eat de bus \u00e0 proximit\u00e9 + parking.<br \/><strong>&#8211;<\/strong> Frais additionnels\u00a0: repas \u00e0 la charge du stagiaire.<br \/><strong>&#8211; <\/strong>Documents remis en fin de stage\u00a0: attestation de participation et facture sur demande.<br \/>&gt; L\u2019attestation de Formation Continue est envoy\u00e9e par mail.<br \/><strong>&#8211; <\/strong><u>Lieux de formation<\/u>\u00a0: Canal des Arts \u2013 CDOS \u2013 Ch\u00e2teau du Forezan (\u00e9tablissements class\u00e9s ERP Chamb\u00e9ry)<br \/>&#8211; Formation accessible aux personnes handicap\u00e9es : oui, merci de contacter le service formation.<\/p>\n<p>Derni\u00e8re mise \u00e0 jour : 17.12.2024<\/p>\n<p><strong>&gt; Dossiers t\u00e9l\u00e9chargeables :<br \/><\/strong><span style=\"color: #800000;\"><em>[ Merci de nous contacter afin de conna\u00eetre le nombre de places disponibles ]<\/em><\/span><\/p>\n<p><a href=\"https:\/\/ffss-73.fr\/wp-content\/uploads\/2024\/12\/DOSSIER-INSCRIPTION-FC-PSE-1-V5.pdf\">DOSSIER-INSCRIPTION-FC-PSE-1<\/a><\/p>\n<p><a href=\"https:\/\/ffss-73.fr\/wp-content\/uploads\/2024\/12\/DOSSIER-INSCRIPTION-FC-PSE-1-2-V6.pdf\">DOSSIER-INSCRIPTION-FC-PSE-1-2<\/a><\/p>\n\n\n\n","protected":false},"excerpt":{"rendered":"<p>Toute personne qui d\u00e9sire avoir une activit\u00e9 professionnelle, b\u00e9n\u00e9vole ou volontaire au sein d\u2019une structure de s\u00e9curit\u00e9 civile. OBJECTIFS Mise \u00e0 jour de la comp\u00e9tence d\u2019\u00e9quipier secouriste ( pse2)\u00a0 ou secouriste (pse1) par le biais de r\u00e9visions des connaissances, d\u2019attitudes et de savoir-faire n\u00e9cessaires \u00e0 la prise en charge d\u2019une [&hellip;]<\/p>\n","protected":false},"author":1,"featured_media":0,"parent":0,"menu_order":0,"comment_status":"closed","ping_status":"closed","template":"","meta":{"footnotes":""},"class_list":["post-732","page","type-page","status-publish","hentry"],"_links":{"self":[{"href":"https:\/\/ffss-73.fr\/index.php\/wp-json\/wp\/v2\/pages\/732","targetHints":{"allow":["GET"]}}],"collection":[{"href":"https:\/\/ffss-73.fr\/index.php\/wp-json\/wp\/v2\/pages"}],"about":[{"href":"https:\/\/ffss-73.fr\/index.php\/wp-json\/wp\/v2\/types\/page"}],"author":[{"embeddable":true,"href":"https:\/\/ffss-73.fr\/index.php\/wp-json\/wp\/v2\/users\/1"}],"replies":[{"embeddable":true,"href":"https:\/\/ffss-73.fr\/index.php\/wp-json\/wp\/v2\/comments?post=732"}],"version-history":[{"count":45,"href":"https:\/\/ffss-73.fr\/index.php\/wp-json\/wp\/v2\/pages\/732\/revisions"}],"predecessor-version":[{"id":2214,"href":"https:\/\/ffss-73.fr\/index.php\/wp-json\/wp\/v2\/pages\/732\/revisions\/2214"}],"wp:attachment":[{"href":"https:\/\/ffss-73.fr\/index.php\/wp-json\/wp\/v2\/media?parent=732"}],"curies":[{"name":"wp","href":"https:\/\/api.w.org\/{rel}","templated":true}]}}