{"id":7,"date":"2022-05-17T10:30:00","date_gmt":"2022-05-17T08:30:00","guid":{"rendered":"http:\/\/ffss-73.fr\/?page_id=7"},"modified":"2025-11-21T15:40:29","modified_gmt":"2025-11-21T14:40:29","slug":"accueil","status":"publish","type":"page","link":"https:\/\/ffss-73.fr\/","title":{"rendered":"Accueil"},"content":{"rendered":"\n<figure class=\"wp-block-gallery has-nested-images columns-default is-cropped wp-block-gallery-1 is-layout-flex wp-block-gallery-is-layout-flex\"><\/figure>\n\n\n\n\n\n\n<p><span style=\"color: #000000;\"><strong>Le Comit\u00e9 D\u00e9partemental de la Savoie,<\/strong><strong> affili\u00e9 \u00e0 la F\u00e9d\u00e9ration Fran\u00e7aise de Sauvetage et de Secourisme (FFSS), <\/strong>a \u00e9t\u00e9 cr\u00e9\u00e9 le 21 Mars 1978.<\/span><br \/><span style=\"color: #000000;\"> C&rsquo;est une Association Agr\u00e9\u00e9e de S\u00e9curit\u00e9 Civile (AASC) forte d&rsquo;une cinquantaine de secouristes actifs b\u00e9n\u00e9voles.<\/span><\/p>\n\n<p><span style=\"color: #993300;\"><b><span style=\"color: #000000;\">Son action se d\u00e9veloppe sur trois axes :<\/span><br \/><\/b><span style=\"color: #000000;\">&#8211; La formation (terrestre et aquatique)<\/span><\/span><br \/><span style=\"color: #000000;\"> &#8211; Les dispositifs pr\u00e9visionnels de secours (DPS)<\/span><br \/><span style=\"color: #000000;\"> &#8211; Les missions de s\u00e9curit\u00e9 civile<\/span><\/p>\n<p><strong>Pr\u00e9sident et R\u00e9f\u00e9rent Op\u00e9rationnel <span style=\"color: #000000; font-size: revert;\">: <\/span><\/strong><span style=\"color: #000000; font-size: revert;\">Bruno Ambier &#8211; &#99;&#x64;&#102;&#x66;s&#x73;7&#51;&#x40;&#103;&#x6d;&#97;&#x69;l&#x2e;c&#111;&#x6d;<\/span><\/p>\n<p><span style=\"color: #000000;\"><strong>R\u00e9f\u00e9rent formation, qualit\u00e9 et handicap<\/strong> : <\/span><span style=\"color: #000080;\"><span style=\"color: #000000;\">&#8211; Sophie Giangorgi &#45;&#102;&#x6f;r&#109;&#x61;&#x74;i&#111;&#x6e;&#x66;f&#115;&#x73;&#x37;3&#64;&#x67;&#x6d;a&#105;&#x6c;&#x2e;c&#111;&#x6d;<\/span><\/span><\/p>\n<h2 style=\"text-align: center;\"><strong>Pour s&rsquo;inscrire \u00e0 une formation veuillez s\u00e9lectionner l\u2019ic\u00f4ne \u00ab\u00a0calendrier\u00a0\u00bb sur la droite de la page. Vous y retrouverez l&rsquo;ensemble des formations que nous proposons.\u00a0<\/strong><\/h2>\n<h2 style=\"text-align: center;\"><strong>En cas de probl\u00e8me pour les inscription, n&rsquo;h\u00e9sitez pas \u00e0 nous contacter !\u00a0<\/strong><\/h2>\n<p><img loading=\"lazy\" decoding=\"async\" class=\"wp-image-1079 aligncenter\" src=\"https:\/\/ffss-73.fr\/wp-content\/uploads\/2021\/11\/Logo-QUALIOPI-Mention-oblig-300x103.jpg\" alt=\"\" width=\"422\" height=\"145\" srcset=\"https:\/\/ffss-73.fr\/wp-content\/uploads\/2021\/11\/Logo-QUALIOPI-Mention-oblig-300x103.jpg 300w, https:\/\/ffss-73.fr\/wp-content\/uploads\/2021\/11\/Logo-QUALIOPI-Mention-oblig-768x262.jpg 768w, https:\/\/ffss-73.fr\/wp-content\/uploads\/2021\/11\/Logo-QUALIOPI-Mention-oblig.jpg 919w\" sizes=\"auto, (max-width: 422px) 100vw, 422px\" \/>\u00a0 \u00a0 \u00a0 \u00a0 \u00a0 \u00a0 \u00a0 \u00a0 \u00a0 \u00a0 \u00a0 \u00a0 \u00a0 \u00a0 \u00a0 \u00a0 \u00a0 \u00a0 \u00a0 \u00a0 \u00a0 \u00a0 \u00a0 \u00a0 Num\u00e9ro de certification : 1484 OF Ind 0<img loading=\"lazy\" decoding=\"async\" class=\" wp-image-1219 aligncenter\" src=\"https:\/\/ffss-73.fr\/wp-content\/uploads\/2022\/05\/PassRegion_logo_rvb_bleu-288x300.png\" alt=\"\" width=\"197\" height=\"205\" srcset=\"https:\/\/ffss-73.fr\/wp-content\/uploads\/2022\/05\/PassRegion_logo_rvb_bleu-288x300.png 288w, https:\/\/ffss-73.fr\/wp-content\/uploads\/2022\/05\/PassRegion_logo_rvb_bleu-768x801.png 768w, https:\/\/ffss-73.fr\/wp-content\/uploads\/2022\/05\/PassRegion_logo_rvb_bleu-981x1024.png 981w, https:\/\/ffss-73.fr\/wp-content\/uploads\/2022\/05\/PassRegion_logo_rvb_bleu.png 1200w\" sizes=\"auto, (max-width: 197px) 100vw, 197px\" \/><\/p>\n\n\n<figure class=\"wp-block-gallery has-nested-images columns-default is-cropped wp-block-gallery-2 is-layout-flex wp-block-gallery-is-layout-flex\"><\/figure>\n\n\n\n<figure class=\"wp-block-gallery has-nested-images columns-default is-cropped wp-block-gallery-3 is-layout-flex wp-block-gallery-is-layout-flex\"><\/figure>\n\n\n\n<figure class=\"wp-block-gallery has-nested-images columns-default is-cropped wp-block-gallery-4 is-layout-flex wp-block-gallery-is-layout-flex\"><\/figure>\n\n\n\n\n\n\n\n\n\n\n\n\n\n\n\n\n\n\n\n\n\n\n\n\n\n\n\n\n<div class=\"wp-block-image\">\n<figure class=\"aligncenter size-large is-resized\"><img loading=\"lazy\" decoding=\"async\" width=\"1024\" height=\"727\" src=\"https:\/\/ffss-73.fr\/wp-content\/uploads\/2023\/11\/logo-okay-savoie-2-1024x727.jpg\" alt=\"\" class=\"wp-image-1796\" style=\"width:211px;height:auto\" srcset=\"https:\/\/ffss-73.fr\/wp-content\/uploads\/2023\/11\/logo-okay-savoie-2-1024x727.jpg 1024w, https:\/\/ffss-73.fr\/wp-content\/uploads\/2023\/11\/logo-okay-savoie-2-300x213.jpg 300w, https:\/\/ffss-73.fr\/wp-content\/uploads\/2023\/11\/logo-okay-savoie-2-768x545.jpg 768w, https:\/\/ffss-73.fr\/wp-content\/uploads\/2023\/11\/logo-okay-savoie-2-1536x1091.jpg 1536w, https:\/\/ffss-73.fr\/wp-content\/uploads\/2023\/11\/logo-okay-savoie-2-2048x1455.jpg 2048w, https:\/\/ffss-73.fr\/wp-content\/uploads\/2023\/11\/logo-okay-savoie-2-1200x852.jpg 1200w\" sizes=\"auto, (max-width: 1024px) 100vw, 1024px\" \/><\/figure><\/div>\n\n\n\n\n<figure class=\"wp-block-gallery has-nested-images columns-default is-cropped wp-block-gallery-5 is-layout-flex wp-block-gallery-is-layout-flex\"><\/figure>\n\n\n\n\n\n\n\n<div class=\"wp-block-media-text is-stacked-on-mobile\"><figure class=\"wp-block-media-text__media\"><\/figure><div class=\"wp-block-media-text__content\">\n<p><\/p>\n<\/div><\/div>\n\n\n\n<figure class=\"wp-block-image size-large\"><a href=\"https:\/\/l.facebook.com\/l.php?u=https%3A%2F%2Fcatalogue-ffss-73.dendreo.com%2F%3Ffbclid%3DIwAR15lZY2EJJ7Kymf9dQQ0qk-DRSfvoOFEUcnLyHtIOtt1_iNpQMJwY-2m7Q&amp;h=AT3y4f59v70x2z3ELrFtgJbv3O4GUjKXiAp_p4AG_N9o0dKB83orSqN8icMpftixI8zyWnOjJTCnV50T9GJ0V5rVIsCzbCBwaic2oGkmx7DmZ4UC6UIJNr707AiW02TXIA&amp;__tn__=-UK-R&amp;c[0]=AT3wXuk8fnKi-IyS5ncdeCorN72TtWFJlcol7SuDp-u6NeAXGdudqb-oqJ3NSi43TgNwHzBLi0rRr6usvA9AZwNW8Tos4YTxfztK5TdJsUD0CBDBbDMfSjHxM94e5OCsh4beQP18F1MJbG7uzKsQjhOgLCoGEjS1gVsey2y0yIZQ-gLTmQ\"><img loading=\"lazy\" decoding=\"async\" width=\"1024\" height=\"542\" src=\"https:\/\/ffss-73.fr\/wp-content\/uploads\/2023\/03\/ENVIE-ou-BESOIN-de-vous-former-en-SECOURS-1024x542.jpg\" alt=\"\" class=\"wp-image-1593\" srcset=\"https:\/\/ffss-73.fr\/wp-content\/uploads\/2023\/03\/ENVIE-ou-BESOIN-de-vous-former-en-SECOURS-1024x542.jpg 1024w, https:\/\/ffss-73.fr\/wp-content\/uploads\/2023\/03\/ENVIE-ou-BESOIN-de-vous-former-en-SECOURS-300x159.jpg 300w, https:\/\/ffss-73.fr\/wp-content\/uploads\/2023\/03\/ENVIE-ou-BESOIN-de-vous-former-en-SECOURS-768x406.jpg 768w, https:\/\/ffss-73.fr\/wp-content\/uploads\/2023\/03\/ENVIE-ou-BESOIN-de-vous-former-en-SECOURS-1536x812.jpg 1536w, https:\/\/ffss-73.fr\/wp-content\/uploads\/2023\/03\/ENVIE-ou-BESOIN-de-vous-former-en-SECOURS-2048x1083.jpg 2048w, https:\/\/ffss-73.fr\/wp-content\/uploads\/2023\/03\/ENVIE-ou-BESOIN-de-vous-former-en-SECOURS-1200x635.jpg 1200w\" sizes=\"auto, (max-width: 1024px) 100vw, 1024px\" \/><\/a><\/figure>\n\n\n\n\n\n<style>\n#header-top {\n  background-color: #FFFFFF !important; \/#FFFFFF\/\n  color: white !important;\n}\n<\/style>\n","protected":false},"excerpt":{"rendered":"<p>Le Comit\u00e9 D\u00e9partemental de la Savoie, affili\u00e9 \u00e0 la F\u00e9d\u00e9ration Fran\u00e7aise de Sauvetage et de Secourisme (FFSS), a \u00e9t\u00e9 cr\u00e9\u00e9 le 21 Mars 1978. C&rsquo;est une Association Agr\u00e9\u00e9e de S\u00e9curit\u00e9 Civile (AASC) forte d&rsquo;une cinquantaine de secouristes actifs b\u00e9n\u00e9voles. Son action se d\u00e9veloppe sur trois axes :&#8211; La formation (terrestre [&hellip;]<\/p>\n","protected":false},"author":1,"featured_media":0,"parent":0,"menu_order":0,"comment_status":"closed","ping_status":"closed","template":"","meta":{"footnotes":""},"class_list":["post-7","page","type-page","status-publish","hentry"],"_links":{"self":[{"href":"https:\/\/ffss-73.fr\/index.php\/wp-json\/wp\/v2\/pages\/7","targetHints":{"allow":["GET"]}}],"collection":[{"href":"https:\/\/ffss-73.fr\/index.php\/wp-json\/wp\/v2\/pages"}],"about":[{"href":"https:\/\/ffss-73.fr\/index.php\/wp-json\/wp\/v2\/types\/page"}],"author":[{"embeddable":true,"href":"https:\/\/ffss-73.fr\/index.php\/wp-json\/wp\/v2\/users\/1"}],"replies":[{"embeddable":true,"href":"https:\/\/ffss-73.fr\/index.php\/wp-json\/wp\/v2\/comments?post=7"}],"version-history":[{"count":79,"href":"https:\/\/ffss-73.fr\/index.php\/wp-json\/wp\/v2\/pages\/7\/revisions"}],"predecessor-version":[{"id":2321,"href":"https:\/\/ffss-73.fr\/index.php\/wp-json\/wp\/v2\/pages\/7\/revisions\/2321"}],"wp:attachment":[{"href":"https:\/\/ffss-73.fr\/index.php\/wp-json\/wp\/v2\/media?parent=7"}],"curies":[{"name":"wp","href":"https:\/\/api.w.org\/{rel}","templated":true}]}}