{"id":49,"date":"2022-09-06T08:00:52","date_gmt":"2022-09-06T06:00:52","guid":{"rendered":"http:\/\/ffss-73.fr\/?page_id=49"},"modified":"2025-08-02T17:50:47","modified_gmt":"2025-08-02T15:50:47","slug":"bnssa-brevet-national-de-securite-et-de-sauvetage-aquatique","status":"publish","type":"page","link":"https:\/\/ffss-73.fr\/index.php\/bnssa-brevet-national-de-securite-et-de-sauvetage-aquatique\/","title":{"rendered":"BNSSA &#8211; Brevet National de S\u00e9curit\u00e9 et de Sauvetage Aquatique"},"content":{"rendered":"<h3><img loading=\"lazy\" decoding=\"async\" class=\"size-medium wp-image-184 aligncenter\" src=\"https:\/\/ffss-73.fr\/wp-content\/uploads\/2018\/10\/received_10214183697400116-213x300.jpeg\" alt=\"\" width=\"213\" height=\"300\" srcset=\"https:\/\/ffss-73.fr\/wp-content\/uploads\/2018\/10\/received_10214183697400116-213x300.jpeg 213w, https:\/\/ffss-73.fr\/wp-content\/uploads\/2018\/10\/received_10214183697400116-768x1082.jpeg 768w, https:\/\/ffss-73.fr\/wp-content\/uploads\/2018\/10\/received_10214183697400116-727x1024.jpeg 727w, https:\/\/ffss-73.fr\/wp-content\/uploads\/2018\/10\/received_10214183697400116-1200x1691.jpeg 1200w, https:\/\/ffss-73.fr\/wp-content\/uploads\/2018\/10\/received_10214183697400116.jpeg 1241w\" sizes=\"auto, (max-width: 213px) 100vw, 213px\" \/><\/h3>\n<blockquote>\n<h3><span style=\"color: #00ccff;\">\u00a0\u00a0 Public<\/span><\/h3>\n<\/blockquote>\n<p><strong>Toute personne d\u00e9sirant \u00eatre affect\u00e9e \u00e0 la s\u00e9curit\u00e9 et la surveillance :<\/strong><\/p>\n<ul>\n<li><strong>principalement des zones de baignade am\u00e9nag\u00e9es d&rsquo;acc\u00e8s public et gratuit, en bord de mer ou pr\u00e8s des plans d&rsquo;eau,<\/strong><\/li>\n<li><strong>apr\u00e8s d\u00e9claration en pr\u00e9fecture, d&rsquo;un \u00e9tablissement d&rsquo;acc\u00e8s payant (piscine)<\/strong><\/li>\n<li><strong>Formation accessible aux personnes handicap\u00e9es : oui, merci de contacter le service formation. <\/strong><\/li>\n<\/ul>\n<blockquote>\n<h3>\u00a0 <span style=\"color: #00ccff;\">\u00a0conditions d&rsquo;entr\u00e9e + PRE REQUIS<br \/><\/span><\/h3>\n<\/blockquote>\n<ul>\n<li><strong>Avoir 17 ans r\u00e9volus au jour de l&rsquo;examen<\/strong><\/li>\n<li><strong>\u00catre titulaire du PSE1 minimum<\/strong><\/li>\n<li><strong>\u00catre reconnu apte m\u00e9dicalement<\/strong><\/li>\n<\/ul>\n<blockquote>\n<h3><span style=\"color: #00ccff;\">\u00a0 \u00a0R\u00f4le et missions<\/span><\/h3>\n<\/blockquote>\n<p><strong>Pr\u00e9venir les usagers des risques de la baignade par une information explicite, et des conditions m\u00e9t\u00e9orologiques permettant ou non la baignade.<\/strong><\/p>\n<p><strong> Surveiller la zone de baignade, en observant particuli\u00e8rement les comportements des individus, et en essayant d&rsquo;anticiper les d\u00e9rives afin d&rsquo;intervenir au plus vite.<\/strong><\/p>\n<p><strong>Intervenir rapidement et efficacement dans les cas de noyade, sans mettre en danger sa vie ni celle des autres.<\/strong><\/p>\n<blockquote>\n<h3><span style=\"color: #00ccff;\">\u00a0 \u00a0contenu de la formation<\/span><\/h3>\n<\/blockquote>\n<p><strong>Th\u00e9orie et r\u00e9glementation :<\/strong><\/p>\n<ul>\n<li><strong>surveillance et responsabilit\u00e9s<\/strong><\/li>\n<li><strong>les lieux de surveillance<\/strong><\/li>\n<li><strong>la r\u00e9glementation nautique<\/strong><\/li>\n<li><strong>la pr\u00e9vention des noyades<\/strong><\/li>\n<li><strong>l&rsquo;organisation des secours<\/strong><\/li>\n<li><strong>le vent et la mer<\/strong><\/li>\n<\/ul>\n<p><strong>Techniques de sauvetage aquatique :<\/strong><\/p>\n<ul>\n<li><strong>approche du noy\u00e9<\/strong><\/li>\n<li><strong>prise de la victime au fond<\/strong><\/li>\n<li><strong>remont\u00e9e \u00e0 la surface<\/strong><\/li>\n<li><strong>maintien de la victime<\/strong><\/li>\n<li><strong>remorquage<\/strong><\/li>\n<li><strong>sortie de l&rsquo;eau<\/strong><\/li>\n<li><strong>prise de d\u00e9gagement<\/strong><\/li>\n<\/ul>\n<blockquote>\n<h3><span style=\"color: #00ccff;\">\u00a0 \u00a0D\u00e9roulement des examens<\/span><\/h3>\n<\/blockquote>\n<p><strong>\u00c9preuve n\u00b0 1 :<\/strong><\/p>\n<p><strong>Elle consiste en un parcours de sauvetage aquatique en continu de 100 m\u00e8tres, en bassin de natation, comprenant :<\/strong><\/p>\n<ul>\n<li><strong>un d\u00e9part du bord du bassin ou d\u2019un plot de d\u00e9part, suivi de 25 m\u00e8tres nage libre en surface ;<\/strong><\/li>\n<li><strong>deux parcours de 25 m\u00e8tres, comprenant chacun 15 m\u00e8tres en immersion compl\u00e8te sur un trajet d\u00e9fini (mat\u00e9rialis\u00e9 au fond et sur les bords), sans que le candidat ne prenne appui ;<\/strong><\/li>\n<li><strong>une plong\u00e9e dite \u00ab en canard \u00bb, suivie de la recherche d\u2019un mannequin qui repose entre 1,80 m\u00e8tre et 3,70 m\u00e8tres de profondeur ; le candidat remonte le mannequin en surface, puis le remorque sur 25 m\u00e8tres, visage hors de l\u2019eau.<\/strong><\/li>\n<\/ul>\n<p><strong>Pour \u00eatre jug\u00e9 apte, le candidat doit r\u00e9aliser l\u2019\u00e9preuve, dans les conditions prescrites ci-dessus, en moins de :<\/strong><\/p>\n<ul>\n<li><strong>2 minutes et 40 secondes inclus, lors de l\u2019examen<\/strong><\/li>\n<li><strong>3 minutes, lors de la v\u00e9rification de maintien des acquis<\/strong><\/li>\n<\/ul>\n<p><strong>\u00c9preuve n\u00b0 2 :<\/strong><\/p>\n<p><strong>Elle consiste en un parcours de sauvetage avec palmes, masque et tuba, en continu de 250 m\u00e8tres, en bassin de natation :<\/strong><\/p>\n<ul>\n<li><strong>au signal du d\u00e9part de l\u2019\u00e9preuve, le candidat s\u2019\u00e9quipe dans ou hors de l\u2019eau ;<\/strong><\/li>\n<li><strong>le candidat parcourt 200 m\u00e8tres en palmes, masque et tuba en touchant le mur \u00e0 chaque virage.<\/strong><\/li>\n<\/ul>\n<p><strong>A la fin du parcours de nage, il doit effectuer une immersion pour rechercher un mannequin situ\u00e9 \u00e0 5 m\u00e8tres maximum du bord du bassin et le remorquer pendant 50m sans immersion de la t\u00eate du mannequin.<\/strong><\/p>\n<p><strong>Le candidat dispose de 4&rsquo;20 pour effectuer le parcours.<\/strong><\/p>\n<p><strong>\u00c9preuve n\u00b0 3 :<\/strong><\/p>\n<ul>\n<li><strong>le sauvetage d\u2019une personne qui simule une situation de d\u00e9tresse se situant \u00e0 15 m\u00e8tres au moins et 25 m\u00e8tres au plus du bord ;<\/strong><\/li>\n<li><strong>la victime saisit le sauveteur de face ; apr\u00e8s s\u2019\u00eatre d\u00e9gag\u00e9 de la situation, le sauveteur transporte la victime vers le bord en s\u00e9curit\u00e9 ; pendant le parcours le sauveteur rassure la victime ;<\/strong><\/li>\n<li><strong>le sauveteur sort la victime de l\u2019eau sans utiliser les \u00e9chelles ou tout autre moyen mat\u00e9riel ;<\/strong><\/li>\n<li><strong>apr\u00e8s avoir s\u00e9curis\u00e9 la victime, le candidat effectue une v\u00e9rification des fonctions vitales et ensuite, il explique succinctement sa d\u00e9marche.<\/strong><\/li>\n<\/ul>\n<p><strong>Le candidat effectue l\u2019\u00e9preuve en short et tee-shirt. Le port d\u2019une combinaison, lunettes de piscine, masque, pince nez ou tout autre mat\u00e9riel n\u2019est pas autoris\u00e9.<\/strong><\/p>\n<p><strong>Pour \u00eatre d\u00e9clar\u00e9 apte, le candidat doit r\u00e9aliser correctement l\u2019ensemble de l\u2019\u00e9preuve.<\/strong><\/p>\n<p><strong>Un d\u00e9lai minimum de 10 minutes de r\u00e9cup\u00e9ration doit \u00eatre laiss\u00e9 au candidat avant de prendre part \u00e0 une autre \u00e9preuve.<\/strong><\/p>\n<p><strong>\u00c9preuve n\u00b0 4 :<\/strong><\/p>\n<p><strong>Elle consiste en un questionnaire \u00e0 choix multiple (QCM) d\u2019une dur\u00e9e maximale de 45 minutes durant lequel les questions pos\u00e9es doivent permettre d\u2019appr\u00e9hender les connaissances du candidat dans les domaines r\u00e9glementaires et pratiques, faisant l\u2019objet de diverses r\u00e9glementations \u00e9dict\u00e9es par plusieurs d\u00e9partements minist\u00e9riels. La notation se fait sur un total de quarante points. Pour \u00eatre d\u00e9clar\u00e9 apte, le candidat doit avoir obtenu une note sup\u00e9rieure ou \u00e9gale \u00e0 30.<\/strong><\/p>\n<blockquote>\n<h3><span style=\"color: #00ccff;\">\u00a0 \u00a0Tarifs<\/span><\/h3>\n<\/blockquote>\n<p><strong>Pour le tarif de la formation veuillez nous consulter.<\/strong><\/p>\n<p><a href=\"http:\/\/ffss-73.fr\/index.php\/calendar\/\"><img loading=\"lazy\" decoding=\"async\" class=\"size-full wp-image-136 alignright\" style=\"font-size: 1rem;\" src=\"http:\/\/ffss-73.fr\/wp-content\/uploads\/2018\/10\/PROCHAINES-FORMATIONS-BOUTON.png\" alt=\"\" width=\"223\" height=\"47\" \/><\/a><a href=\"http:\/\/ffss-73.fr\/index.php\/nous-contacter\/\"><img loading=\"lazy\" decoding=\"async\" class=\"size-full wp-image-133 alignright\" src=\"http:\/\/ffss-73.fr\/wp-content\/uploads\/2018\/10\/nous-contacter.png\" alt=\"\" width=\"223\" height=\"47\" \/><\/a><\/p>\n<p><strong>&gt; Dossiers t\u00e9l\u00e9chargeables :<br \/><\/strong><span style=\"color: #800000;\"><em>[ Merci de nous contacter afin de conna\u00eetre le nombre de places disponibles ]<\/em><\/span><strong><br \/><\/strong><\/p>\n<p><a href=\"https:\/\/ffss-73.fr\/wp-content\/uploads\/2024\/07\/DOSSIER-INSCRIPTION-BNSSA-V5-2024-1.pdf\" target=\"_blank\" rel=\"noopener\">DOSSIER-INSCRIPTION-BNSSA<\/a><\/p>\n<p><a href=\"https:\/\/ffss-73.fr\/wp-content\/uploads\/2024\/07\/DOSSIER-INSCRIPTION-BNSSA-V5-2024.pdf\">DOSSIER-INSCRIPTION-FC-BNSSA-PSE<\/a><\/p>\n<p><a href=\"https:\/\/ffss-73.fr\/wp-content\/uploads\/2023\/12\/Fiche-produit-BNSSA-V3-211223.pdf\">Fiche-produit-BNSSA<\/a><\/p>\n<p><a href=\"https:\/\/ffss-73.fr\/wp-content\/uploads\/2023\/12\/Fiche-produit-FC-BNSSA-V3-211223.pdf\">Fiche produit &#8211; FC BNSSA<\/a><\/p>\n\n\n\n\n\n\n<div class=\"wp-block-group\"><div class=\"wp-block-group__inner-container is-layout-flow wp-block-group-is-layout-flow\">\n<div class=\"wp-block-group\"><div class=\"wp-block-group__inner-container is-layout-flow wp-block-group-is-layout-flow\"><\/div><\/div>\n<\/div><\/div>\n","protected":false},"excerpt":{"rendered":"<p>\u00a0\u00a0 Public Toute personne d\u00e9sirant \u00eatre affect\u00e9e \u00e0 la s\u00e9curit\u00e9 et la surveillance : principalement des zones de baignade am\u00e9nag\u00e9es d&rsquo;acc\u00e8s public et gratuit, en bord de mer ou pr\u00e8s des plans d&rsquo;eau, apr\u00e8s d\u00e9claration en pr\u00e9fecture, d&rsquo;un \u00e9tablissement d&rsquo;acc\u00e8s payant (piscine) Formation accessible aux personnes handicap\u00e9es : oui, merci [&hellip;]<\/p>\n","protected":false},"author":1,"featured_media":0,"parent":0,"menu_order":0,"comment_status":"closed","ping_status":"closed","template":"","meta":{"footnotes":""},"class_list":["post-49","page","type-page","status-publish","hentry"],"_links":{"self":[{"href":"https:\/\/ffss-73.fr\/index.php\/wp-json\/wp\/v2\/pages\/49","targetHints":{"allow":["GET"]}}],"collection":[{"href":"https:\/\/ffss-73.fr\/index.php\/wp-json\/wp\/v2\/pages"}],"about":[{"href":"https:\/\/ffss-73.fr\/index.php\/wp-json\/wp\/v2\/types\/page"}],"author":[{"embeddable":true,"href":"https:\/\/ffss-73.fr\/index.php\/wp-json\/wp\/v2\/users\/1"}],"replies":[{"embeddable":true,"href":"https:\/\/ffss-73.fr\/index.php\/wp-json\/wp\/v2\/comments?post=49"}],"version-history":[{"count":58,"href":"https:\/\/ffss-73.fr\/index.php\/wp-json\/wp\/v2\/pages\/49\/revisions"}],"predecessor-version":[{"id":2216,"href":"https:\/\/ffss-73.fr\/index.php\/wp-json\/wp\/v2\/pages\/49\/revisions\/2216"}],"wp:attachment":[{"href":"https:\/\/ffss-73.fr\/index.php\/wp-json\/wp\/v2\/media?parent=49"}],"curies":[{"name":"wp","href":"https:\/\/api.w.org\/{rel}","templated":true}]}}