{"id":45,"date":"2022-09-06T08:45:23","date_gmt":"2022-09-06T06:45:23","guid":{"rendered":"http:\/\/ffss-73.fr\/?page_id=45"},"modified":"2025-08-02T17:49:02","modified_gmt":"2025-08-02T15:49:02","slug":"bsb-brevet-de-surveillant-de-baignade","status":"publish","type":"page","link":"https:\/\/ffss-73.fr\/index.php\/bsb-brevet-de-surveillant-de-baignade\/","title":{"rendered":"BSB &#8211; Brevet de Surveillant de Baignade"},"content":{"rendered":"<p><img loading=\"lazy\" decoding=\"async\" class=\" wp-image-797 aligncenter\" src=\"https:\/\/ffss-73.fr\/wp-content\/uploads\/2021\/04\/image000002_20201104_153711-300x225.jpg\" alt=\"\" width=\"433\" height=\"325\" srcset=\"https:\/\/ffss-73.fr\/wp-content\/uploads\/2021\/04\/image000002_20201104_153711-300x225.jpg 300w, https:\/\/ffss-73.fr\/wp-content\/uploads\/2021\/04\/image000002_20201104_153711-768x576.jpg 768w, https:\/\/ffss-73.fr\/wp-content\/uploads\/2021\/04\/image000002_20201104_153711.jpg 915w\" sizes=\"auto, (max-width: 433px) 100vw, 433px\" \/><\/p>\n<blockquote>\n<h3><span style=\"color: #00ccff;\">\u00a0 Public<\/span><\/h3>\n<\/blockquote>\n<p><strong>Cette formation (35 heures environ) s&rsquo;adresse exclusivement aux personnes qui souhaitent encadrer la baignade des enfants dans le cadre des accueils collectifs de mineurs (centres de vacances et de loisirs)<\/strong><\/p>\n<p><strong>Formation accessible aux personnes en situation de handicap : r\u00e9f\u00e9rent handicap : Emilie Wilms 07.67.57.47.79. <\/strong><\/p>\n<blockquote>\n<h3><span style=\"color: #00ccff;\">\u00a0 \u00a0conditions d&rsquo;entr\u00e9e + PRE REQUIS<br \/><\/span><\/h3>\n<\/blockquote>\n<ul>\n<li>\n<p><strong><u>Pr\u00e9requis<\/u>\u00a0: &#8211; \u00eatre \u00e2g\u00e9 de 17 ans le jour du d\u00e9but de la formation ;<\/strong><br \/><strong>\u00a0\u00a0\u00a0\u00a0\u00a0 &gt;&gt; Le BSB ne sera d\u00e9livr\u00e9 aux candidats qu\u2019\u00e0 leur majorit\u00e9 (18 ans)<\/strong><\/p>\n<p><strong>\u00a0 \u00a0 \u00a0 \u00a0 \u00a0 \u00a0 \u00a0 \u00a0 \u00a0 \u00a0&#8211; disposer d\u2019un certificat m\u00e9dical de non contre-indication \u00e0 la pratique de la natation et du sauvetage datant de moins de trois mois.<\/strong><\/p>\n<\/li>\n<li><strong>Aptitude en natation : savoir le crawl, la brasse et le dos<\/strong><\/li>\n<\/ul>\n<blockquote>\n<h3><span style=\"color: #00ccff;\">\u00a0 \u00a0R\u00f4le et missions<\/span><\/h3>\n<\/blockquote>\n<p><strong>Avant m\u00eame l&rsquo;aspect de surveillance, une baignade doit \u00eatre avant tout bien pr\u00e9par\u00e9e. C&rsquo;est pourquoi le surveillant de baignade (SB) travaille toujours en deux temps :<\/strong><\/p>\n<p><strong>1. Il pr\u00e9pare la baignade :<\/strong><\/p>\n<ul>\n<li><strong>faire le point avec l&rsquo;\u00e9quipe d&rsquo;animation, conna\u00eetre les appr\u00e9hensions des enfants, am\u00e9nager la zone des activit\u00e9s de baignade.<\/strong><\/li>\n<\/ul>\n<p><strong>2. Il surveille la baignade :<\/strong><\/p>\n<ul>\n<li><strong>assurer la s\u00e9curit\u00e9 de tout le groupe, faire respecter les r\u00e8gles en d\u00e9veloppant un esprit de pr\u00e9vention chez les jeunes, conserver ses capacit\u00e9s d&rsquo;intervention.<\/strong><\/li>\n<\/ul>\n<blockquote>\n<h3><span style=\"color: #00ccff;\">\u00a0 \u00a0Objectifs<\/span><\/h3>\n<\/blockquote>\n<p><strong>A la fin de la formation, le stagiaire surveillant de baignade doit \u00eatre capable, dans le cadre<\/strong><br \/><strong>d&rsquo;une baignade organis\u00e9e en ACM, de pr\u00e9venir les dangers, de surveiller un milieu<\/strong><br \/><strong>aquatique clos, d&rsquo;assurer sa propre s\u00e9curit\u00e9, celle des animateurs et des enfants et de<\/strong><br \/><strong>mettre en \u0153uvre la conduite appropri\u00e9e face \u00e0 une situation d&rsquo;accident et\/ou \u00e0 une d\u00e9tresse physique.<\/strong><\/p>\n<blockquote>\n<h3><span style=\"color: #00ccff;\">\u00a0 \u00a0contenu de la formation<\/span><\/h3>\n<\/blockquote>\n<ul>\n<li><strong><span style=\"font-size: 12.0pt;\">Comp\u00e9tence 1\u00a0: Le r\u00f4le du surveillant de baignade<\/span><\/strong><\/li>\n<li><strong><span style=\"font-size: 12.0pt;\">Comp\u00e9tence 2\u00a0: Les aspects g\u00e9n\u00e9raux de la s\u00e9curit\u00e9<\/span><\/strong><\/li>\n<li><strong><span style=\"font-size: 12.0pt;\">Comp\u00e9tence 3\u00a0: les responsabilit\u00e9s et assurances<\/span><\/strong><\/li>\n<li><strong><span style=\"font-size: 12.0pt;\">Comp\u00e9tence 4\u00a0: Lees baignades\u00a0: classification\/r\u00e8glementation<\/span><\/strong><\/li>\n<li><strong><span style=\"font-size: 12.0pt;\">Comp\u00e9tence 5\u00a0: l&rsquo;organisation de la baignade<\/span><\/strong><\/li>\n<li><strong><span style=\"font-size: 12.0pt;\">Comp\u00e9tence 6\u00a0: la noyade<\/span><\/strong><\/li>\n<li><strong><span style=\"font-size: 12.0pt;\">Comp\u00e9tence 7\u00a0: Sauver<\/span><\/strong><\/li>\n<li><strong><span style=\"font-size: 12.0pt;\">Comp\u00e9tence 8\u00a0: Secourir<\/span><\/strong><\/li>\n<li><strong><span style=\"font-size: 12.0pt;\">Comp\u00e9tence 9\u00a0: L&rsquo;animation<\/span><\/strong><\/li>\n<li><strong><span style=\"font-size: 12.0pt;\">Comp\u00e9tence 10\u00a0: Les gestes \u00e9co-citoyens du baigneur en ACM<\/span><\/strong><\/li>\n<\/ul>\n<blockquote>\n<h3><span style=\"color: #00ccff;\">\u00a0 \u00a0Examen final<\/span><\/h3>\n<\/blockquote>\n<p><strong>Quatre \u00e9preuves \u00e9liminatoires :<\/strong><\/p>\n<ul>\n<li><strong>Le lancer de ballon :<\/strong><\/li>\n<\/ul>\n<p><strong>L&rsquo;\u00e9preuve consiste \u00e0 lancer le \u00ab\u00a0ballon de sauvetage\u00a0\u00bb au-del\u00e0 d\u2019une distance minimale de 10,50 m\u00e8tres.<\/strong><\/p>\n<p><strong>Le candidat dispose d\u2019un maximum de trois lancers pour r\u00e9ussir l\u2019\u00e9preuve, sans limite de temps.<\/strong><\/p>\n<p><strong>Le lancer est d\u00e9clar\u00e9 valable lorsque le ballon tombe au del\u00e0 de la ligne des 10,50 m\u00e8tres.<\/strong><\/p>\n<ul>\n<li><strong>Le 50 m\u00e8tres sauvetage mannequin<\/strong><\/li>\n<li><strong>Un parcours de 200 m\u00e8tres en nage libre avec franchissement d&rsquo;obstacles (sans limite de temps)<\/strong><\/li>\n<li><strong>Epreuve pratique de soin de 1\u00e8re urgence aux noy\u00e9s<\/strong><\/li>\n<\/ul>\n<p><strong>Une \u00e9preuve th\u00e9orique (QCM) :<\/strong><\/p>\n<ul>\n<li><strong>Questions relatives \u00e0 la r\u00e9glementation et \u00e0 l&rsquo;organisation des baignades dans les accueils collectifs de mineurs<\/strong><\/li>\n<li><strong>Questions relatives \u00e0 la pr\u00e9vention des noyades<\/strong><\/li>\n<\/ul>\n<blockquote>\n<h3><span style=\"color: #00ccff;\">\u00a0 \u00a0Tarifs<\/span><\/h3>\n<\/blockquote>\n<p><strong>Pour le tarif de la formation veuillez nous consulter.<\/strong><\/p>\n<p><strong>Les sessions peuvent s&rsquo;organiser sur demande, pour des groupes constitu\u00e9s.<\/strong><\/p>\n<p><a href=\"http:\/\/ffss-73.fr\/index.php\/calendar\/\"><img loading=\"lazy\" decoding=\"async\" class=\"size-full wp-image-136 alignright\" style=\"font-size: 1rem;\" src=\"http:\/\/ffss-73.fr\/wp-content\/uploads\/2018\/10\/PROCHAINES-FORMATIONS-BOUTON.png\" alt=\"\" width=\"223\" height=\"47\" \/><\/a><a href=\"http:\/\/ffss-73.fr\/index.php\/nous-contacter\/\"><img loading=\"lazy\" decoding=\"async\" class=\"size-full wp-image-133 alignright\" src=\"http:\/\/ffss-73.fr\/wp-content\/uploads\/2018\/10\/nous-contacter.png\" alt=\"\" width=\"223\" height=\"47\" \/><\/a><\/p>\n<p><strong>&gt; Dossiers t\u00e9l\u00e9chargeables :<br \/><\/strong><span style=\"color: #800000;\"><em>[ Merci de nous contacter afin de conna\u00eetre le nombre de places disponibles ]<\/em><\/span><strong><br \/><\/strong><\/p>\n<p><a href=\"https:\/\/ffss-73.fr\/wp-content\/uploads\/2024\/07\/DOSSIER-INSCRIPTION-BSB-V5.pdf\">DOSSIER-INSCRIPTION-BSB<\/a><\/p>\n<p><a href=\"https:\/\/ffss-73.fr\/wp-content\/uploads\/2024\/06\/Fiche-produit-BSB-V3.pdf\">Fiche produit &#8211; BSB<\/a><\/p>\n\n\n\n","protected":false},"excerpt":{"rendered":"<p>\u00a0 Public Cette formation (35 heures environ) s&rsquo;adresse exclusivement aux personnes qui souhaitent encadrer la baignade des enfants dans le cadre des accueils collectifs de mineurs (centres de vacances et de loisirs) Formation accessible aux personnes en situation de handicap : r\u00e9f\u00e9rent handicap : Emilie Wilms 07.67.57.47.79. \u00a0 \u00a0conditions d&rsquo;entr\u00e9e [&hellip;]<\/p>\n","protected":false},"author":1,"featured_media":0,"parent":0,"menu_order":0,"comment_status":"closed","ping_status":"closed","template":"","meta":{"footnotes":""},"class_list":["post-45","page","type-page","status-publish","hentry"],"_links":{"self":[{"href":"https:\/\/ffss-73.fr\/index.php\/wp-json\/wp\/v2\/pages\/45","targetHints":{"allow":["GET"]}}],"collection":[{"href":"https:\/\/ffss-73.fr\/index.php\/wp-json\/wp\/v2\/pages"}],"about":[{"href":"https:\/\/ffss-73.fr\/index.php\/wp-json\/wp\/v2\/types\/page"}],"author":[{"embeddable":true,"href":"https:\/\/ffss-73.fr\/index.php\/wp-json\/wp\/v2\/users\/1"}],"replies":[{"embeddable":true,"href":"https:\/\/ffss-73.fr\/index.php\/wp-json\/wp\/v2\/comments?post=45"}],"version-history":[{"count":45,"href":"https:\/\/ffss-73.fr\/index.php\/wp-json\/wp\/v2\/pages\/45\/revisions"}],"predecessor-version":[{"id":2215,"href":"https:\/\/ffss-73.fr\/index.php\/wp-json\/wp\/v2\/pages\/45\/revisions\/2215"}],"wp:attachment":[{"href":"https:\/\/ffss-73.fr\/index.php\/wp-json\/wp\/v2\/media?parent=45"}],"curies":[{"name":"wp","href":"https:\/\/api.w.org\/{rel}","templated":true}]}}