{"id":41,"date":"2022-09-06T09:00:52","date_gmt":"2022-09-06T07:00:52","guid":{"rendered":"http:\/\/ffss-73.fr\/?page_id=41"},"modified":"2025-08-26T13:08:44","modified_gmt":"2025-08-26T11:08:44","slug":"pse2-premiers-secours-en-equipe-de-niv-2","status":"publish","type":"page","link":"https:\/\/ffss-73.fr\/index.php\/pse2-premiers-secours-en-equipe-de-niv-2\/","title":{"rendered":"PSE2 &#8211; Premiers Secours en Equipe de niv 2"},"content":{"rendered":"<h3 style=\"text-align: center;\">\u00a0<img loading=\"lazy\" decoding=\"async\" class=\"alignnone size-medium wp-image-359\" src=\"https:\/\/ffss-73.fr\/wp-content\/uploads\/2020\/02\/FLYER-FFSS-73-PSE-1-ET-2-2020-213x300.jpg\" alt=\"\" width=\"213\" height=\"300\" srcset=\"https:\/\/ffss-73.fr\/wp-content\/uploads\/2020\/02\/FLYER-FFSS-73-PSE-1-ET-2-2020-213x300.jpg 213w, https:\/\/ffss-73.fr\/wp-content\/uploads\/2020\/02\/FLYER-FFSS-73-PSE-1-ET-2-2020-768x1082.jpg 768w, https:\/\/ffss-73.fr\/wp-content\/uploads\/2020\/02\/FLYER-FFSS-73-PSE-1-ET-2-2020-727x1024.jpg 727w, https:\/\/ffss-73.fr\/wp-content\/uploads\/2020\/02\/FLYER-FFSS-73-PSE-1-ET-2-2020-1200x1691.jpg 1200w, https:\/\/ffss-73.fr\/wp-content\/uploads\/2020\/02\/FLYER-FFSS-73-PSE-1-ET-2-2020.jpg 1241w\" sizes=\"auto, (max-width: 213px) 100vw, 213px\" \/><\/h3>\n<blockquote>\n<h3>\u00a0Public<\/h3>\n<\/blockquote>\n<p><strong>&gt; Toute personne qui d\u00e9sire avoir une activit\u00e9 professionnelle, b\u00e9n\u00e9vole ou volontaire au sein d&rsquo;une structure de s\u00e9curit\u00e9 civile.<\/strong><\/p>\n<p><strong>&gt; Les entreprises et structures qui disposent d&rsquo;\u00e9quipes constitu\u00e9es et de mat\u00e9riel de premi\u00e8re intervention : pompiers de sites industriels, agents de s\u00e9curit\u00e9 des centres commerciaux, des parcs d&rsquo;attraction.<\/strong><\/p>\n<p><strong>&gt; Les personnes souhaitant entrer en formation de pisteur secouriste<\/strong><\/p>\n<p><strong>&gt; Les personnes souhaitant entrer en formation de pisteur bike patrol<\/strong><\/p>\n<ul>\n<li><strong>Formation accessible aux personnes handicap\u00e9es : oui, merci de contacter le service formation.<br \/><\/strong><\/li>\n<\/ul>\n<blockquote>\n<h3>\u00a0 \u00a0R\u00f4le et missions<\/h3>\n<\/blockquote>\n<p><strong>L\u2019\u00e9quipier secouriste est une personne form\u00e9e et entra\u00een\u00e9e, capable de prendre en charge une ou plusieurs victimes. Cette prise en charge, avec du mat\u00e9riel de premiers secours adapt\u00e9 \u00e0 la situation rencontr\u00e9e, a pour but de pr\u00e9server l&rsquo;int\u00e9grit\u00e9 physique de la ou des victimes en attendant le relais.<\/strong><\/p>\n<p><strong>L\u2019\u00e9quipier secouriste peut\u00a0 :<\/strong><\/p>\n<ul>\n<li><strong>choisir, ex\u00e9cuter ou faire ex\u00e9cuter correctement les gestes de premiers secours, aux c\u00f4t\u00e9s d&rsquo;un secouriste PSE1,<\/strong><\/li>\n<li><strong>agir en \u00e9quipe sous la responsabilit\u00e9 d\u2019un chef d\u2019\u00e9quipe au sein d\u2019un poste de secours ou d\u2019une \u00e9quipe de transport d\u2019urgence.<\/strong><\/li>\n<\/ul>\n<blockquote>\n<h3>\u00a0 \u00a0Objectif vis\u00e9<\/h3>\n<\/blockquote>\n<p><strong>&gt; L&rsquo;\u00e9quipier secouriste est une personne form\u00e9e et entra\u00een\u00e9e, capable de prendre en charge une ou plusieurs victimes. Cette prise en charge, avec du mat\u00e9riel de premiers secours adapt\u00e9 \u00e0 la situation rencontr\u00e9e, a pour but de pr\u00e9server l&rsquo;int\u00e9grit\u00e9 physique de la ou des victimes en attendant le relais.<\/strong><\/p>\n<p><strong>&gt; L&rsquo;\u00e9quipier secouriste peut choisir, ex\u00e9cuter ou faire ex\u00e9cuter correctement les gestes de premiers secours, aux c\u00f4t\u00e9s d&rsquo;un secouriste PSE1, agir en \u00e9quipe sous la responsabilit\u00e9 d&rsquo;un chef d&rsquo;\u00e9quipe au sein d&rsquo;un poste de secours ou d&rsquo;une \u00e9quipe de transport d&rsquo;urgence<\/strong>.<\/p>\n<blockquote>\n<h3>\u00a0 \u00a0Contenu<\/h3>\n<\/blockquote>\n<ol>\n<li><strong>Prendre en charge une personne :<\/strong><br \/><strong>&#8211; pr\u00e9sentant une affection sp\u00e9cifique ou une aggravation de sa maladie ;<\/strong><br \/><strong>&#8211; victime d\u2019une atteinte circonstancielle ;<\/strong><br \/><strong>&#8211; pr\u00e9sentant une souffrance psychique ou un comportement inhabituel.<\/strong><\/li>\n<li><strong>Assurer, au sein d\u2019une \u00e9quipe :<\/strong><br \/><strong>&#8211; l\u2019immobilisation, totale ou partielle, d\u2019une personne victime d\u2019un traumatisme du squelette ;<\/strong><br \/><strong>&#8211; le relevage et le brancardage d\u2019une victime, en vue de son transport.<\/strong><\/li>\n<li><strong>Coordonner les actions de secours conduites au sein d\u2019une \u00e9quipe.<\/strong><\/li>\n<li><strong>Evoluer dans le cadre juridique applicable \u00e0 son action de secours et dans le respect des proc\u00e9dures d\u00e9finies par son autorit\u00e9 d\u2019emploi.<\/strong><\/li>\n<li><strong>Assurer une protection imm\u00e9diate, adapt\u00e9e et permanente, pour lui-m\u00eame, la victime et les autres personnes des dangers environnants.<\/strong><\/li>\n<li><strong>R\u00e9aliser un bilan et d\u2019assurer sa transmission aux services appropri\u00e9s.<\/strong><\/li>\n<li><strong>Adapter son comportement \u00e0 la situation ou \u00e0 l\u2019\u00e9tat de la victime.<\/strong><\/li>\n<\/ol>\n<blockquote>\n<h3>\u00a0 \u00a0dur\u00e9e de la formation<\/h3>\n<\/blockquote>\n<p><strong>La formation initiale est de 28 heures minimum de face \u00e0 face p\u00e9dagogique.<\/strong><br \/><strong> Conform\u00e9ment aux textes, une formation continue annuelle de 6 heures est obligatoire pour assurer la mission d&rsquo;\u00e9quipier secouriste.<\/strong><\/p>\n<blockquote>\n<h3>\u00a0 \u00a0Formateurs<\/h3>\n<\/blockquote>\n<p><strong>Nos formateurs sont titulaires de la p\u00e9dagogie appliqu\u00e9s \u00e0 l&#8217;emploi de formateur aux premiers secours. <\/strong><\/p>\n<p><strong>Tous ont une exp\u00e9rience de terrain dans le secours d\u2019urgence.<\/strong><\/p>\n<blockquote>\n<h3>\u00a0 \u00a0Tarifs et financement<\/h3>\n<\/blockquote>\n<p><strong>Pour le tarif de la formation veuillez nous consulter.<\/strong><\/p>\n<p><strong>Cette formation est finan\u00e7able par CPF.<\/strong><\/p>\n<p>Lien vers le catalogue CPF &#8211; Formation \u00e0 S\u00e9ez :\u00a0 <a href=\"https:\/\/www.moncompteformation.gouv.fr\/espace-prive\/html\/#\/formation\/recherche\/50856706200023_5720\/50856706200023_57200?contexteFormation=ACTIVITE_PROFESSIONNELLE\">D\u00e9tails de Formation Premiers Secours en Equipe &#8211; Niveau 2 (PSE 2) | Mon Compte Formation<\/a><\/p>\n<p>Lien vers le catalogue\u00a0 CPF &#8211; Formation \u00e0 Chamb\u00e9ry (ou Cognin) : <a href=\"https:\/\/www.moncompteformation.gouv.fr\/espace-prive\/html\/#\/formation\/recherche\/50856706200023_5720\/50856706200023_5720?contexteFormation=ACTIVITE_PROFESSIONNELLE\">D\u00e9tails de Formation Premiers Secours en Equipe &#8211; Niveau 2 (PSE 2) | Mon Compte Formation<\/a><\/p>\n<p>R\u00e9f\u00e9rence CPF : RS5720 &#8211; certification d\u00e9livr\u00e9e par le Minist\u00e8re de l&rsquo;Int\u00e9rieur et des outre-mers (enregistr\u00e9e le 01\/01\/2022)<\/p>\n<p>Derni\u00e8re mise \u00e0 jour : le 26\/08\/25<\/p>\n<p><a href=\"http:\/\/ffss-73.fr\/index.php\/calendar\/\"><img loading=\"lazy\" decoding=\"async\" class=\"size-full wp-image-136 alignright\" style=\"font-size: 1rem;\" src=\"http:\/\/ffss-73.fr\/wp-content\/uploads\/2018\/10\/PROCHAINES-FORMATIONS-BOUTON.png\" alt=\"\" width=\"223\" height=\"47\" \/><\/a><a href=\"http:\/\/ffss-73.fr\/index.php\/nous-contacter\/\"><img loading=\"lazy\" decoding=\"async\" class=\"size-full wp-image-133 alignright\" src=\"http:\/\/ffss-73.fr\/wp-content\/uploads\/2018\/10\/nous-contacter.png\" alt=\"\" width=\"223\" height=\"47\" \/><\/a><\/p>\n<p><strong>&gt; Dossiers t\u00e9l\u00e9chargeables :<br \/><\/strong><span style=\"color: #800000;\"><em>[ Merci de nous contacter afin de conna\u00eetre le nombre de places disponibles ]<\/em><\/span><strong><br \/><\/strong><\/p>\n<p><a href=\"http:\/\/ffss-73.fr\/wp-content\/uploads\/2025\/08\/DOSSIER-INSCRIPTION-FI-PSE-2-V7-apres-1er-septembre-2025.pdf\">DOSSIER-INSCRIPTION-FI-PSE-2<\/a><\/p>\n<p><a href=\"https:\/\/ffss-73.fr\/wp-content\/uploads\/2023\/12\/Fiche-produit-PSE-2-V3-1.pdf\">Fiche produit &#8211; PSE 2<\/a><\/p>\n\n\n\n\n<figure class=\"wp-block-gallery has-nested-images columns-default is-cropped wp-block-gallery-1 is-layout-flex wp-block-gallery-is-layout-flex\"><\/figure>\n","protected":false},"excerpt":{"rendered":"<p>\u00a0 \u00a0Public &gt; Toute personne qui d\u00e9sire avoir une activit\u00e9 professionnelle, b\u00e9n\u00e9vole ou volontaire au sein d&rsquo;une structure de s\u00e9curit\u00e9 civile. &gt; Les entreprises et structures qui disposent d&rsquo;\u00e9quipes constitu\u00e9es et de mat\u00e9riel de premi\u00e8re intervention : pompiers de sites industriels, agents de s\u00e9curit\u00e9 des centres commerciaux, des parcs d&rsquo;attraction. [&hellip;]<\/p>\n","protected":false},"author":4,"featured_media":0,"parent":0,"menu_order":0,"comment_status":"closed","ping_status":"closed","template":"","meta":{"footnotes":""},"class_list":["post-41","page","type-page","status-publish","hentry"],"_links":{"self":[{"href":"https:\/\/ffss-73.fr\/index.php\/wp-json\/wp\/v2\/pages\/41","targetHints":{"allow":["GET"]}}],"collection":[{"href":"https:\/\/ffss-73.fr\/index.php\/wp-json\/wp\/v2\/pages"}],"about":[{"href":"https:\/\/ffss-73.fr\/index.php\/wp-json\/wp\/v2\/types\/page"}],"author":[{"embeddable":true,"href":"https:\/\/ffss-73.fr\/index.php\/wp-json\/wp\/v2\/users\/4"}],"replies":[{"embeddable":true,"href":"https:\/\/ffss-73.fr\/index.php\/wp-json\/wp\/v2\/comments?post=41"}],"version-history":[{"count":41,"href":"https:\/\/ffss-73.fr\/index.php\/wp-json\/wp\/v2\/pages\/41\/revisions"}],"predecessor-version":[{"id":2288,"href":"https:\/\/ffss-73.fr\/index.php\/wp-json\/wp\/v2\/pages\/41\/revisions\/2288"}],"wp:attachment":[{"href":"https:\/\/ffss-73.fr\/index.php\/wp-json\/wp\/v2\/media?parent=41"}],"curies":[{"name":"wp","href":"https:\/\/api.w.org\/{rel}","templated":true}]}}