{"id":39,"date":"2022-09-06T09:00:43","date_gmt":"2022-09-06T07:00:43","guid":{"rendered":"http:\/\/ffss-73.fr\/?page_id=39"},"modified":"2025-08-26T13:09:17","modified_gmt":"2025-08-26T11:09:17","slug":"pse1-premiers-secours-en-equipe-de-niv-1","status":"publish","type":"page","link":"https:\/\/ffss-73.fr\/index.php\/pse1-premiers-secours-en-equipe-de-niv-1\/","title":{"rendered":"PSE1 &#8211; Premiers Secours en Equipe de niv 1"},"content":{"rendered":"<h3>\u00a0<img loading=\"lazy\" decoding=\"async\" class=\"size-medium wp-image-359 aligncenter\" src=\"https:\/\/ffss-73.fr\/wp-content\/uploads\/2020\/02\/FLYER-FFSS-73-PSE-1-ET-2-2020-213x300.jpg\" alt=\"\" width=\"213\" height=\"300\" srcset=\"https:\/\/ffss-73.fr\/wp-content\/uploads\/2020\/02\/FLYER-FFSS-73-PSE-1-ET-2-2020-213x300.jpg 213w, https:\/\/ffss-73.fr\/wp-content\/uploads\/2020\/02\/FLYER-FFSS-73-PSE-1-ET-2-2020-768x1082.jpg 768w, https:\/\/ffss-73.fr\/wp-content\/uploads\/2020\/02\/FLYER-FFSS-73-PSE-1-ET-2-2020-727x1024.jpg 727w, https:\/\/ffss-73.fr\/wp-content\/uploads\/2020\/02\/FLYER-FFSS-73-PSE-1-ET-2-2020-1200x1691.jpg 1200w, https:\/\/ffss-73.fr\/wp-content\/uploads\/2020\/02\/FLYER-FFSS-73-PSE-1-ET-2-2020.jpg 1241w\" sizes=\"auto, (max-width: 213px) 100vw, 213px\" \/><\/h3>\n<blockquote>\n<h3><span style=\"color: #00ccff;\">\u00a0\u00a0<\/span> Public<\/h3>\n<\/blockquote>\n<ul>\n<li><strong><span style=\"color: #0000ff;\">Pr\u00e9requis<\/span> : \u00eatre \u00e2g\u00e9 de 16 ans.<\/strong><\/li>\n<li><strong>Toute personne qui d\u00e9sire avoir une activit\u00e9 professionnelle, b\u00e9n\u00e9vole ou volontaire au sein d&rsquo;une structure de s\u00e9curit\u00e9 civile.<\/strong><\/li>\n<li><strong>Les personnes en formation BNSSA (sauveteurs aquatiques).<\/strong><\/li>\n<li><strong>Les entreprises et structures qui disposent d&rsquo;\u00e9quipes constitu\u00e9es et de mat\u00e9riel de premi\u00e8re intervention : pompiers de sites industriels, agents de s\u00e9curit\u00e9 des centres commerciaux, des parcs d&rsquo;attraction.<\/strong><\/li>\n<li><strong>Les personnes souhaitant entrer en formation de pisteur secouriste<\/strong><\/li>\n<li><strong>Les personnes souhaitant entrer en formation de moniteur de plong\u00e9e<\/strong><\/li>\n<li><strong>Les personnes souhaitant entrer en formation de pisteur bike patrol<\/strong><\/li>\n<\/ul>\n<blockquote>\n<h3>\u00a0 \u00a0R\u00f4le et missions<\/h3>\n<\/blockquote>\n<p><strong>Form\u00e9 et entra\u00een\u00e9 \u00e0 la prise en charge des victimes, le secouriste est la premi\u00e8re personne \u00e0 \u00eatre pr\u00e9sente ou \u00e0 proximit\u00e9 imm\u00e9diate d\u2019une personne victime d\u2019un accident, d\u2019un malaise ou d\u2019une aggravation brutale d\u2019une maladie.<\/strong><\/p>\n<p><strong>Le secouriste agit :<\/strong><\/p>\n<ul>\n<li><strong>individuellement, s\u2019il est t\u00e9moin de l\u2019accident ou du malaise,<\/strong><\/li>\n<li><strong>accompagn\u00e9 d\u2019un \u00e9quipier secouriste, au sein d\u2019un point d\u2019alerte et de premiers secours,<\/strong><\/li>\n<li><strong>en \u00e9quipe, sous la responsabilit\u00e9 d\u2019un chef d\u2019\u00e9quipe et au c\u00f4t\u00e9 d\u2019\u00e9quipiers secouristes, au sein d\u2019un poste de secours ou d\u2019une \u00e9quipe de transport d\u2019urgence.<\/strong><\/li>\n<\/ul>\n<blockquote>\n<h3>\u00a0 \u00a0Objectif vis\u00e9<\/h3>\n<\/blockquote>\n<p><strong>Acqu\u00e9rir la comp\u00e9tence de secouriste par l&rsquo;acquisition des connaissances n\u00e9cessaires \u00e0 la bonne ex\u00e9cution des gestes de secours, seul ou au c\u00f4t\u00e9 d&rsquo;un \u00e9quipier secouriste, avec ou sans mat\u00e9riel de premiers secours, pour pr\u00e9server l&rsquo;int\u00e9grit\u00e9 physique d&rsquo;une victime en attendant l&rsquo;arriv\u00e9e d&rsquo;un renfort.<\/strong><\/p>\n<blockquote>\n<h3>\u00a0 \u00a0Contenu<\/h3>\n<\/blockquote>\n<p><strong>1. D&rsquo;\u00e9voluer dans le cadre juridique applicable \u00e0 son action de secours et dans le respect des proc\u00e9dures d\u00e9finies par son autorit\u00e9 d&#8217;emploi.<\/strong><br \/><strong>2. D&rsquo;assurer une protection imm\u00e9diate, adapt\u00e9e et permanente, pour lui-m\u00eame, la victime et les autres personnes des dangers environnants.<\/strong><br \/><strong>3. De r\u00e9aliser un bilan et d&rsquo;assurer sa transmission aux services appropri\u00e9s.<\/strong><br \/><strong>4. De r\u00e9aliser les gestes de premiers secours face \u00e0 une personne :<\/strong><br \/><strong>\u00a04.1-. victime d&rsquo;une obstruction des voies a\u00e9riennes ;<\/strong><br \/><strong>\u00a04.2-. victime d&rsquo;un saignement abondant ;<\/strong><br \/><strong>\u00a04.3-. ayant perdu connaissance ;<\/strong><br \/><strong>\u00a04.4-. en arr\u00eat cardiaque ;<\/strong><br \/><strong>\u00a04.5-. victime d&rsquo;une d\u00e9tresse respiratoire, circulatoire ou neurologique ;<\/strong><br \/><strong>\u00a04.6-. pr\u00e9sentant un malaise ;<\/strong><br \/><strong>\u00a04.7-. pr\u00e9sentant un traumatisme des membres ou de la peau.<\/strong><br \/><strong>5. D&rsquo;assister des \u00e9quipiers secouristes, lors de man\u0153uvres d&rsquo;immobilisation, de relevage ou de brancardage.<\/strong><br \/><strong>6. D&rsquo;adapter son comportement \u00e0 la situation ou \u00e0 l&rsquo;\u00e9tat de la victime.<\/strong><\/p>\n<blockquote>\n<h3>\u00a0 \u00a0dur\u00e9e de la formation<\/h3>\n<\/blockquote>\n<p><strong>La formation initiale est de 35 heures minimum de face \u00e0 face p\u00e9dagogique.<\/strong><br \/><b>Conform\u00e9ment aux textes, une formation continue annuelle est obligatoire pour assurer la mission de secouriste.<br \/><\/b><strong>Formation accessible aux personnes handicap\u00e9es : oui, merci de contacter le service formation. <\/strong><\/p>\n<p><b>\u00a0<\/b><\/p>\n<blockquote>\n<h3>\u00a0 \u00a0Formateurs<\/h3>\n<\/blockquote>\n<p><strong>La formation est encadr\u00e9e par des formateurs de premiers secours en \u00e9quipe et ayant une exp\u00e9rience de terrain en secours d&rsquo;urgence.<\/strong><\/p>\n<blockquote>\n<h3>\u00a0 \u00a0Tarifs et financement<\/h3>\n<\/blockquote>\n<p><strong>Pour le tarif de la formation veuillez nous consulter.<\/strong><\/p>\n<p><strong>Cette formation est finan\u00e7able par CPF (sous r\u00e9serve des d\u00e9lais respect\u00e9s)<\/strong><\/p>\n<p>Lien vers le catalogue CPF &#8211;\u00a0 Formation \u00e0 S\u00e9ez\u00a0 : <a href=\"https:\/\/www.moncompteformation.gouv.fr\/espace-prive\/html\/#\/formation\/recherche\/50856706200023_5719\/50856706200023_ID5719?contexteFormation=ACTIVITE_PROFESSIONNELLE\">D\u00e9tails de Formation Premiers secours en \u00e9quipe niveau 1 | Mon Compte Formation<\/a><\/p>\n<p>Lien vers le catalogue CPF &#8211; Formation \u00e0 Chamb\u00e9ry (ou Cognin) : <a href=\"https:\/\/www.moncompteformation.gouv.fr\/espace-prive\/html\/#\/formation\/recherche\/50856706200023_5719\/50856706200023_RS5719?contexteFormation=ACTIVITE_PROFESSIONNELLE\">D\u00e9tails de Formation Premiers secours en \u00e9quipe niveau 1 | Mon Compte Formation<\/a><\/p>\n<p><strong>R\u00e9f\u00e9rence CPF : RS5719 &#8211; Certification d\u00e9livr\u00e9e par le Minist\u00e8re de l&rsquo;int\u00e9rieur et des outre-mer (enregistr\u00e9e le 01\/01\/2022)<\/strong><\/p>\n<p>Derni\u00e8re mise \u00e0 jour : le 26.8.25<\/p>\n<p><a href=\"http:\/\/ffss-73.fr\/index.php\/calendar\/\"><img loading=\"lazy\" decoding=\"async\" class=\"size-full wp-image-136 alignright\" style=\"font-size: 1rem;\" src=\"http:\/\/ffss-73.fr\/wp-content\/uploads\/2018\/10\/PROCHAINES-FORMATIONS-BOUTON.png\" alt=\"\" width=\"223\" height=\"47\" \/><\/a><a href=\"http:\/\/ffss-73.fr\/index.php\/nous-contacter\/\"><img loading=\"lazy\" decoding=\"async\" class=\"size-full wp-image-133 alignright\" src=\"http:\/\/ffss-73.fr\/wp-content\/uploads\/2018\/10\/nous-contacter.png\" alt=\"\" width=\"223\" height=\"47\" \/><\/a><\/p>\n<p><strong>&gt; Dossiers t\u00e9l\u00e9chargeables :<br \/><\/strong><span style=\"color: #800000;\"><em>[ Merci de nous contacter afin de conna\u00eetre le nombre de places disponibles ]<\/em><\/span><strong><br \/><\/strong><\/p>\n<p><a href=\"http:\/\/ffss-73.fr\/wp-content\/uploads\/2025\/08\/DOSSIER-INSCRIPTION-FI-PSE-1-V7-apres-1er-septembre-2025.pdf\">DOSSIER-INSCRIPTION-FI-PSE-1<\/a><\/p>\n<p><a href=\"https:\/\/ffss-73.fr\/wp-content\/uploads\/2023\/12\/Fiche-produit-PSE-1-V3-08122023.pdf\">Fiche produit &#8211; PSE 1<\/a><\/p>\n\n\n\n","protected":false},"excerpt":{"rendered":"<p>\u00a0 \u00a0\u00a0 Public Pr\u00e9requis : \u00eatre \u00e2g\u00e9 de 16 ans. Toute personne qui d\u00e9sire avoir une activit\u00e9 professionnelle, b\u00e9n\u00e9vole ou volontaire au sein d&rsquo;une structure de s\u00e9curit\u00e9 civile. Les personnes en formation BNSSA (sauveteurs aquatiques). Les entreprises et structures qui disposent d&rsquo;\u00e9quipes constitu\u00e9es et de mat\u00e9riel de premi\u00e8re intervention : [&hellip;]<\/p>\n","protected":false},"author":4,"featured_media":0,"parent":0,"menu_order":0,"comment_status":"closed","ping_status":"closed","template":"","meta":{"footnotes":""},"class_list":["post-39","page","type-page","status-publish","hentry"],"_links":{"self":[{"href":"https:\/\/ffss-73.fr\/index.php\/wp-json\/wp\/v2\/pages\/39","targetHints":{"allow":["GET"]}}],"collection":[{"href":"https:\/\/ffss-73.fr\/index.php\/wp-json\/wp\/v2\/pages"}],"about":[{"href":"https:\/\/ffss-73.fr\/index.php\/wp-json\/wp\/v2\/types\/page"}],"author":[{"embeddable":true,"href":"https:\/\/ffss-73.fr\/index.php\/wp-json\/wp\/v2\/users\/4"}],"replies":[{"embeddable":true,"href":"https:\/\/ffss-73.fr\/index.php\/wp-json\/wp\/v2\/comments?post=39"}],"version-history":[{"count":44,"href":"https:\/\/ffss-73.fr\/index.php\/wp-json\/wp\/v2\/pages\/39\/revisions"}],"predecessor-version":[{"id":2289,"href":"https:\/\/ffss-73.fr\/index.php\/wp-json\/wp\/v2\/pages\/39\/revisions\/2289"}],"wp:attachment":[{"href":"https:\/\/ffss-73.fr\/index.php\/wp-json\/wp\/v2\/media?parent=39"}],"curies":[{"name":"wp","href":"https:\/\/api.w.org\/{rel}","templated":true}]}}