{"id":37,"date":"2022-09-06T09:00:26","date_gmt":"2022-09-06T07:00:26","guid":{"rendered":"http:\/\/ffss-73.fr\/?page_id=37"},"modified":"2025-08-02T17:34:41","modified_gmt":"2025-08-02T15:34:41","slug":"psc1-prevention-et-secours-civiques-de-niv-1","status":"publish","type":"page","link":"https:\/\/ffss-73.fr\/index.php\/psc1-prevention-et-secours-civiques-de-niv-1\/","title":{"rendered":"PSC &#8211; Premiers Secours Citoyen"},"content":{"rendered":"<h3>\u00a0<\/h3>\n<h3>\u00a0<\/h3>\n<blockquote>\n<h3>\u00a0\u00a0\u00a0 Public<\/h3>\n<\/blockquote>\n<p><span style=\"color: #0000ff;\">Pr\u00e9 requis<\/span> : toute personne de plus de 10 ans, souhaitant se former aux gestes de secours.<\/p>\n<p>Elle est vivement recommand\u00e9e pour certaines activit\u00e9s : professionnels de l&rsquo;enfance, des soins \u00e0 domicile, de l&rsquo;animation socio-culturelle, les associations sportives\u2026 Elle est \u00e9galement exig\u00e9e par la loi pour l&rsquo;exercice de m\u00e9tiers particuliers ou l&rsquo;inscription \u00e0 certains concours ou examens. Le PSC\u00a0 est \u00e0 la port\u00e9e de tous, d\u00e8s 10 ans et sans limite d&rsquo;\u00e2ge.<\/p>\n<p>Formation accessible aux personnes en situation de handicap : r\u00e9f\u00e9rent handicap : Emilie Wilms 07.67.57.47.79<\/p>\n<blockquote>\n<h3>\u00a0 \u00a0d\u00e9marche P\u00c9DAGOGIQUE<\/h3>\n<\/blockquote>\n<p>Il s&rsquo;agit d&rsquo;une formation essentiellement pratique. L&rsquo;\u00e9valuation des acquis se fait tout au long de la formation :<\/p>\n<p>les gestes sont montr\u00e9s en simulation de situations r\u00e9elles puis enti\u00e8rement expliqu\u00e9s dans les d\u00e9tails.<br \/>ils sont ensuite pratiqu\u00e9s par le groupe guid\u00e9 pas \u00e0 pas par le formateur, afin d&rsquo;en int\u00e9grer progressivement la technique.<br \/>chaque participant a l&rsquo;occasion de mettre en \u0153uvre l&rsquo;ensemble de la conduite \u00e0 tenir sur un cas concret.<\/p>\n<blockquote>\n<h3>\u00a0 \u00a0objectifs vis\u00e9s<\/h3>\n<\/blockquote>\n<p>&gt; \u00eatre capable d\u2019ex\u00e9cuter une action citoyenne d\u2019assistance \u00e0 personne en danger en r\u00e9alisant les gestes \u00e9l\u00e9mentaires de secours\u00a0;<br \/>&gt; assurer une protection imm\u00e9diate, adapt\u00e9e et permanente pour soi-m\u00eame, la victime et les autres personnes, des dangers environnants\u00a0;<br \/>&gt; assurer la transmission de l\u2019alerte au service le plus adapt\u00e9\u00a0;<br \/>&gt; r\u00e9aliser imm\u00e9diatement les premiers gestes de secours face \u00e0 une personne\u00a0:<br \/>\u00a0\u00a0\u00a0\u00a0\u00a0\u00a0\u00a0\u00a0\u00a0\u00a0\u00a0\u00a0\u00a0\u00a0\u00a0\u00a0\u00a0 &#8211; victime d\u2019obstruction des voies a\u00e9riennes\u00a0;<br \/>\u00a0\u00a0\u00a0\u00a0\u00a0\u00a0\u00a0\u00a0\u00a0\u00a0\u00a0\u00a0\u00a0\u00a0\u00a0\u00a0\u00a0 &#8211; victime d\u2019un saignement abondant\u00a0;<br \/>\u00a0\u00a0\u00a0\u00a0\u00a0\u00a0\u00a0\u00a0\u00a0\u00a0\u00a0\u00a0\u00a0\u00a0\u00a0\u00a0\u00a0 &#8211; inconsciente qui respire\u00a0;<br \/>\u00a0\u00a0\u00a0\u00a0\u00a0\u00a0\u00a0\u00a0\u00a0\u00a0\u00a0\u00a0\u00a0\u00a0\u00a0\u00a0\u00a0 &#8211; en arr\u00eat cardiaque\u00a0;<br \/>\u00a0\u00a0\u00a0\u00a0\u00a0\u00a0\u00a0\u00a0\u00a0\u00a0\u00a0\u00a0\u00a0\u00a0\u00a0\u00a0\u00a0 &#8211; victime d\u2019un malaise\u00a0;<br \/>\u00a0\u00a0\u00a0\u00a0\u00a0\u00a0\u00a0\u00a0\u00a0\u00a0\u00a0\u00a0\u00a0\u00a0\u00a0\u00a0\u00a0 &#8211; victime d\u2019un traumatisme.<\/p>\n<blockquote>\n<h3>\u00a0 \u00a0contenu de la formation<\/h3>\n<\/blockquote>\n<ul>\n<li><strong>La protection<\/strong><strong><span style=\"color: #ed7d31;\"><br \/><\/span><\/strong>Les d\u00e9gagements d\u2019urgence<strong><span style=\"color: #ed7d31;\"><br \/><\/span><\/strong>Le signal d\u2019alerte aux populations<\/li>\n<\/ul>\n<ul>\n<li><strong>L\u2019ALERTE<\/strong><\/li>\n<\/ul>\n<ul>\n<li><strong>LA VICTIME S\u2019\u00c9TOUFFE<\/strong><br \/>La d\u00e9sobstruction des VA (Voies A\u00e9riennes) chez l\u2019adulte<br \/>La d\u00e9sobstruction des VA chez le nourrisson<br \/>Obstruction partielle des voies a\u00e9riennes<\/li>\n<\/ul>\n<ul>\n<li><strong>LA VICTIME SAIGNE ABONDAMMENT<\/strong><br \/>La compression locale<br \/>Le saignement par la bouche, le nez ou autre<\/li>\n<\/ul>\n<ul>\n<li><strong>LA VICTIME EST INCONSCIENTE<\/strong><br \/>La position lat\u00e9rale de s\u00e9curit\u00e9<\/li>\n<\/ul>\n<ul>\n<li><strong><span style=\"font-size: 11.0pt;\">LA VICTIME NE RESPIRE PAS<\/span><\/strong><span style=\"font-size: 11.0pt;\"><br \/>La RCP (R\u00e9animation Cardio-Pulmonaire) et l\u2019utilisation du DAE (D\u00e9fibrillateur Automatis\u00e9 <\/span>Externe) chez l\u2019adulte<br \/>La RCP chez l\u2019enfant et le nourrisson<\/li>\n<\/ul>\n<ul>\n<li><strong>LA VICTIME SE PLAINT D\u2019UN MALAISE<\/strong><br \/>Le malaise<\/li>\n<\/ul>\n<ul>\n<li><strong>LA VICTIME SE PLAINT APRES UN TRAUMATISME<\/strong><br \/>La plaie grave<br \/>La plaie simple<br \/>La br\u00fblure<br \/>Les br\u00fblures particuli\u00e8res<br \/>Le traumatisme du dos, du cou et\/ou de la t\u00eate<br \/>Le traumatisme de membre<\/li>\n<\/ul>\n<p><strong>\u00a0<\/strong><\/p>\n<p><strong><span style=\"color: #10b4d1;\">Formateurs<\/span><\/strong><br \/>Formation pratique avec \u00e9valuation continue, dispens\u00e9e par un formateur PSC.<\/p>\n<blockquote>\n<h3>\u00a0 \u00a0Tarifs et financement<\/h3>\n<\/blockquote>\n<p><strong>Pour le tarif de la formation veuillez nous consulter.<\/strong><\/p>\n<p><strong>Cette formation est finan\u00e7able avec le Pass&rsquo;r\u00e9gion et\u00a0 la carte OKAY Savoie.<\/strong><\/p>\n<p><a href=\"http:\/\/ffss-73.fr\/index.php\/calendar\/\"><img loading=\"lazy\" decoding=\"async\" class=\"size-full wp-image-136 alignright\" style=\"font-size: 1rem;\" src=\"http:\/\/ffss-73.fr\/wp-content\/uploads\/2018\/10\/PROCHAINES-FORMATIONS-BOUTON.png\" alt=\"\" width=\"223\" height=\"47\" \/><\/a><a href=\"http:\/\/ffss-73.fr\/index.php\/nous-contacter\/\"><img loading=\"lazy\" decoding=\"async\" class=\"size-full wp-image-133 alignright\" src=\"http:\/\/ffss-73.fr\/wp-content\/uploads\/2018\/10\/nous-contacter.png\" alt=\"\" width=\"223\" height=\"47\" \/><\/a><\/p>\n<p><strong>&gt; Dossiers t\u00e9l\u00e9chargeables :<br \/><\/strong><span style=\"color: #800000;\"><em>[ Merci de nous contacter afin de conna\u00eetre le nombre de places disponibles ]<\/em><\/span><strong><br \/><\/strong><\/p>\n<p><a href=\"https:\/\/ffss-73.fr\/wp-content\/uploads\/2024\/07\/DOSSIER_INSCRIPTION_PSC1_FFSS-73_V5_19.07.2024.pdf\">DOSSIER-INSCRIPTION-PSC-1<\/a><\/p>\n<p><a href=\"https:\/\/ffss-73.fr\/wp-content\/uploads\/2023\/11\/Fiche-produit-PSC1-V2-15092023-1.pdf\">Fiche produit &#8211; PSC<\/a><\/p>\n\n\n\n","protected":false},"excerpt":{"rendered":"<p>\u00a0 \u00a0 \u00a0\u00a0\u00a0 Public Pr\u00e9 requis : toute personne de plus de 10 ans, souhaitant se former aux gestes de secours. Elle est vivement recommand\u00e9e pour certaines activit\u00e9s : professionnels de l&rsquo;enfance, des soins \u00e0 domicile, de l&rsquo;animation socio-culturelle, les associations sportives\u2026 Elle est \u00e9galement exig\u00e9e par la loi pour [&hellip;]<\/p>\n","protected":false},"author":1,"featured_media":0,"parent":0,"menu_order":0,"comment_status":"closed","ping_status":"closed","template":"","meta":{"footnotes":""},"class_list":["post-37","page","type-page","status-publish","hentry"],"_links":{"self":[{"href":"https:\/\/ffss-73.fr\/index.php\/wp-json\/wp\/v2\/pages\/37","targetHints":{"allow":["GET"]}}],"collection":[{"href":"https:\/\/ffss-73.fr\/index.php\/wp-json\/wp\/v2\/pages"}],"about":[{"href":"https:\/\/ffss-73.fr\/index.php\/wp-json\/wp\/v2\/types\/page"}],"author":[{"embeddable":true,"href":"https:\/\/ffss-73.fr\/index.php\/wp-json\/wp\/v2\/users\/1"}],"replies":[{"embeddable":true,"href":"https:\/\/ffss-73.fr\/index.php\/wp-json\/wp\/v2\/comments?post=37"}],"version-history":[{"count":46,"href":"https:\/\/ffss-73.fr\/index.php\/wp-json\/wp\/v2\/pages\/37\/revisions"}],"predecessor-version":[{"id":2204,"href":"https:\/\/ffss-73.fr\/index.php\/wp-json\/wp\/v2\/pages\/37\/revisions\/2204"}],"wp:attachment":[{"href":"https:\/\/ffss-73.fr\/index.php\/wp-json\/wp\/v2\/media?parent=37"}],"curies":[{"name":"wp","href":"https:\/\/api.w.org\/{rel}","templated":true}]}}