{"id":368,"date":"2021-05-11T11:15:39","date_gmt":"2021-05-11T09:15:39","guid":{"rendered":"https:\/\/ffss-73.fr\/?page_id=368"},"modified":"2025-08-02T16:59:29","modified_gmt":"2025-08-02T14:59:29","slug":"la-vie-de-lasso","status":"publish","type":"page","link":"https:\/\/ffss-73.fr\/index.php\/la-vie-de-lasso\/","title":{"rendered":"LA VIE DE L&rsquo;ASSOCIATION"},"content":{"rendered":"<div><\/div>\n<div style=\"text-align: left;\"><\/div>\n<div>\n<h3 data-start=\"162\" data-end=\"205\">Activit\u00e9s r\u00e9guli\u00e8res des secouristes<\/h3>\n<p data-start=\"207\" data-end=\"385\">Nos secouristes se rendent r\u00e9guli\u00e8rement dans leurs locaux pour assurer le bon fonctionnement de leur mat\u00e9riel et de leurs v\u00e9hicules, \u00e0 travers plusieurs actions essentielles :<\/p>\n<h4 data-start=\"387\" data-end=\"413\">Gestion logistique<\/h4>\n<ul data-start=\"414\" data-end=\"638\">\n<li data-start=\"414\" data-end=\"456\">\n<p data-start=\"416\" data-end=\"456\">R\u00e9fection des sacs de premiers secours<\/p>\n<\/li>\n<li data-start=\"457\" data-end=\"513\">\n<p data-start=\"459\" data-end=\"513\">R\u00e9armement des sacs et des v\u00e9hicules en consommables<\/p>\n<\/li>\n<li data-start=\"514\" data-end=\"638\">\n<p data-start=\"516\" data-end=\"638\">V\u00e9rification des kits d&rsquo;urgence et des dates de p\u00e9remption (oxyg\u00e8ne, compresses, s\u00e9rum physiologique, d\u00e9sinfectants, etc.)<\/p>\n<\/li>\n<\/ul>\n<h4 data-start=\"640\" data-end=\"672\">Entretien des v\u00e9hicules<\/h4>\n<ul data-start=\"673\" data-end=\"815\">\n<li data-start=\"673\" data-end=\"697\">\n<p data-start=\"675\" data-end=\"697\">R\u00e9parations diverses<\/p>\n<\/li>\n<li data-start=\"698\" data-end=\"750\">\n<p data-start=\"700\" data-end=\"750\">V\u00e9rification des dispositifs lumineux et sonores<\/p>\n<\/li>\n<li data-start=\"751\" data-end=\"815\">\n<p data-start=\"753\" data-end=\"815\">Contr\u00f4le des niveaux (huile, liquide de refroidissement, etc.)<\/p>\n<\/li>\n<\/ul>\n<h4 data-start=\"817\" data-end=\"846\">Nettoyage &amp; rangement<\/h4>\n<ul data-start=\"847\" data-end=\"973\">\n<li data-start=\"847\" data-end=\"886\">\n<p data-start=\"849\" data-end=\"886\">Nettoyage des trav\u00e9es des v\u00e9hicules<\/p>\n<\/li>\n<li data-start=\"887\" data-end=\"938\">\n<p data-start=\"889\" data-end=\"938\">Entretien des espaces communs et des sanitaires<\/p>\n<\/li>\n<li data-start=\"939\" data-end=\"973\">\n<p data-start=\"941\" data-end=\"973\">Rangement du mat\u00e9riel de secours<\/p>\n<\/li>\n<\/ul>\n<h3 data-start=\"980\" data-end=\"1009\">Entra\u00eenement r\u00e9gulier<\/h3>\n<p data-start=\"1011\" data-end=\"1190\">Nos secouristes participent fr\u00e9quemment \u00e0 des man\u0153uvres et exercices pour am\u00e9liorer leurs gestes de premiers secours et renforcer leur ma\u00eetrise du mat\u00e9riel de secours.<\/p>\n<\/div>\n","protected":false},"excerpt":{"rendered":"<p>Activit\u00e9s r\u00e9guli\u00e8res des secouristes Nos secouristes se rendent r\u00e9guli\u00e8rement dans leurs locaux pour assurer le bon fonctionnement de leur mat\u00e9riel et de leurs v\u00e9hicules, \u00e0 travers plusieurs actions essentielles : Gestion logistique R\u00e9fection des sacs de premiers secours R\u00e9armement des sacs et des v\u00e9hicules en consommables V\u00e9rification des kits d&rsquo;urgence [&hellip;]<\/p>\n","protected":false},"author":4,"featured_media":0,"parent":0,"menu_order":0,"comment_status":"closed","ping_status":"closed","template":"","meta":{"footnotes":""},"class_list":["post-368","page","type-page","status-publish","hentry"],"_links":{"self":[{"href":"https:\/\/ffss-73.fr\/index.php\/wp-json\/wp\/v2\/pages\/368","targetHints":{"allow":["GET"]}}],"collection":[{"href":"https:\/\/ffss-73.fr\/index.php\/wp-json\/wp\/v2\/pages"}],"about":[{"href":"https:\/\/ffss-73.fr\/index.php\/wp-json\/wp\/v2\/types\/page"}],"author":[{"embeddable":true,"href":"https:\/\/ffss-73.fr\/index.php\/wp-json\/wp\/v2\/users\/4"}],"replies":[{"embeddable":true,"href":"https:\/\/ffss-73.fr\/index.php\/wp-json\/wp\/v2\/comments?post=368"}],"version-history":[{"count":26,"href":"https:\/\/ffss-73.fr\/index.php\/wp-json\/wp\/v2\/pages\/368\/revisions"}],"predecessor-version":[{"id":2194,"href":"https:\/\/ffss-73.fr\/index.php\/wp-json\/wp\/v2\/pages\/368\/revisions\/2194"}],"wp:attachment":[{"href":"https:\/\/ffss-73.fr\/index.php\/wp-json\/wp\/v2\/media?parent=368"}],"curies":[{"name":"wp","href":"https:\/\/api.w.org\/{rel}","templated":true}]}}