{"id":33,"date":"2021-10-05T10:00:25","date_gmt":"2021-10-05T08:00:25","guid":{"rendered":"http:\/\/ffss-73.fr\/?page_id=33"},"modified":"2025-08-02T17:35:28","modified_gmt":"2025-08-02T15:35:28","slug":"ips-initiations-aux-premiers-secours","status":"publish","type":"page","link":"https:\/\/ffss-73.fr\/index.php\/ips-initiations-aux-premiers-secours\/","title":{"rendered":"IPS &#8211; Initiations aux Premiers Secours"},"content":{"rendered":"<blockquote>\n<h3>\u00a0 \u00a0Public vis\u00e9<\/h3>\n<\/blockquote>\n<p><strong>Cette d\u00e9marche citoyenne concerne tout groupe d&rsquo;enfants (\u00e9coles, centres de loisirs\u2026), et permet une premi\u00e8re approche du secourisme.<\/strong><br \/><strong> Pour les enfants n&rsquo;\u00e9tant pas en \u00e2ge de suivre la formation aux premiers secours (moins de 10 ans), elle constitue une sensibilisation, et une invitation \u00e0 la suivre.<br \/><\/strong><strong>Formation accessible aux personnes handicap\u00e9es : oui, merci de contacter le service formation. <\/strong><\/p>\n<blockquote>\n<h3>\u00a0 \u00a0Objectif vis\u00e9<\/h3>\n<\/blockquote>\n<p><strong>Prendre conscience de l&rsquo;importance du r\u00f4le du citoyen en tant que premier maillon de la cha\u00eene des secours, et avoir les bons r\u00e9flexes en cas d&rsquo;accident.<\/strong><\/p>\n<blockquote>\n<h3>\u00a0 \u00a0Contenu<\/h3>\n<\/blockquote>\n<p><strong>Le contenu peut \u00eatre adapt\u00e9 \u00e0 un projet \u00e9ducatif particulier.<\/strong><\/p>\n<blockquote>\n<h3>\u00a0 \u00a0Formateurs<\/h3>\n<\/blockquote>\n<p><strong>Ce sont des formateurs de secourisme ou des initiateurs qui interviennent lors de ces formations de premiers secours. Ils sont en capacit\u00e9 d&rsquo;adapter leur d\u00e9marche \u00e0 tous les publics.<\/strong><\/p>\n<blockquote>\n<h3>\u00a0 \u00a0Tarifs<\/h3>\n<\/blockquote>\n<p><strong>Pour le tarif de la formation veuillez nous consulter.<\/strong><\/p>\n<p><a href=\"http:\/\/ffss-73.fr\/index.php\/calendar\/\"><img loading=\"lazy\" decoding=\"async\" class=\"size-full wp-image-136 alignright\" style=\"font-size: 1rem;\" src=\"http:\/\/ffss-73.fr\/wp-content\/uploads\/2018\/10\/PROCHAINES-FORMATIONS-BOUTON.png\" alt=\"\" width=\"223\" height=\"47\" \/><\/a><a href=\"http:\/\/ffss-73.fr\/index.php\/nous-contacter\/\"><img loading=\"lazy\" decoding=\"async\" class=\"size-full wp-image-133 alignright\" src=\"http:\/\/ffss-73.fr\/wp-content\/uploads\/2018\/10\/nous-contacter.png\" alt=\"\" width=\"223\" height=\"47\" \/><\/a><\/p>\n\n\n<figure class=\"wp-block-image size-large is-resized\"><img loading=\"lazy\" decoding=\"async\" width=\"719\" height=\"1024\" src=\"https:\/\/ffss-73.fr\/wp-content\/uploads\/2024\/09\/brulure-5-719x1024.jpg\" alt=\"\" class=\"wp-image-1985\" style=\"width:297px;height:auto\" srcset=\"https:\/\/ffss-73.fr\/wp-content\/uploads\/2024\/09\/brulure-5-719x1024.jpg 719w, https:\/\/ffss-73.fr\/wp-content\/uploads\/2024\/09\/brulure-5-211x300.jpg 211w, https:\/\/ffss-73.fr\/wp-content\/uploads\/2024\/09\/brulure-5-768x1093.jpg 768w, https:\/\/ffss-73.fr\/wp-content\/uploads\/2024\/09\/brulure-5-1079x1536.jpg 1079w, https:\/\/ffss-73.fr\/wp-content\/uploads\/2024\/09\/brulure-5-1439x2048.jpg 1439w, https:\/\/ffss-73.fr\/wp-content\/uploads\/2024\/09\/brulure-5-1200x1708.jpg 1200w, https:\/\/ffss-73.fr\/wp-content\/uploads\/2024\/09\/brulure-5.jpg 1728w\" sizes=\"auto, (max-width: 719px) 100vw, 719px\" \/><\/figure>\n\n\n\n<p><\/p>\n","protected":false},"excerpt":{"rendered":"<p>\u00a0 \u00a0Public vis\u00e9 Cette d\u00e9marche citoyenne concerne tout groupe d&rsquo;enfants (\u00e9coles, centres de loisirs\u2026), et permet une premi\u00e8re approche du secourisme. Pour les enfants n&rsquo;\u00e9tant pas en \u00e2ge de suivre la formation aux premiers secours (moins de 10 ans), elle constitue une sensibilisation, et une invitation \u00e0 la suivre.Formation accessible [&hellip;]<\/p>\n","protected":false},"author":1,"featured_media":0,"parent":0,"menu_order":0,"comment_status":"closed","ping_status":"closed","template":"","meta":{"footnotes":""},"class_list":["post-33","page","type-page","status-publish","hentry"],"_links":{"self":[{"href":"https:\/\/ffss-73.fr\/index.php\/wp-json\/wp\/v2\/pages\/33","targetHints":{"allow":["GET"]}}],"collection":[{"href":"https:\/\/ffss-73.fr\/index.php\/wp-json\/wp\/v2\/pages"}],"about":[{"href":"https:\/\/ffss-73.fr\/index.php\/wp-json\/wp\/v2\/types\/page"}],"author":[{"embeddable":true,"href":"https:\/\/ffss-73.fr\/index.php\/wp-json\/wp\/v2\/users\/1"}],"replies":[{"embeddable":true,"href":"https:\/\/ffss-73.fr\/index.php\/wp-json\/wp\/v2\/comments?post=33"}],"version-history":[{"count":5,"href":"https:\/\/ffss-73.fr\/index.php\/wp-json\/wp\/v2\/pages\/33\/revisions"}],"predecessor-version":[{"id":2205,"href":"https:\/\/ffss-73.fr\/index.php\/wp-json\/wp\/v2\/pages\/33\/revisions\/2205"}],"wp:attachment":[{"href":"https:\/\/ffss-73.fr\/index.php\/wp-json\/wp\/v2\/media?parent=33"}],"curies":[{"name":"wp","href":"https:\/\/api.w.org\/{rel}","templated":true}]}}