{"id":27,"date":"2022-08-18T15:30:39","date_gmt":"2022-08-18T13:30:39","guid":{"rendered":"http:\/\/ffss-73.fr\/?page_id=27"},"modified":"2025-08-10T21:36:33","modified_gmt":"2025-08-10T19:36:33","slug":"sengager","status":"publish","type":"page","link":"https:\/\/ffss-73.fr\/index.php\/sengager\/","title":{"rendered":"S&rsquo;engager"},"content":{"rendered":"<p><img loading=\"lazy\" decoding=\"async\" class=\"alignnone size-medium wp-image-2093 aligncenter\" src=\"http:\/\/ffss-73.fr\/wp-content\/uploads\/2025\/06\/DSC_0055-199x300.jpg\" alt=\"\" width=\"199\" height=\"300\" srcset=\"https:\/\/ffss-73.fr\/wp-content\/uploads\/2025\/06\/DSC_0055-199x300.jpg 199w, https:\/\/ffss-73.fr\/wp-content\/uploads\/2025\/06\/DSC_0055-678x1024.jpg 678w, https:\/\/ffss-73.fr\/wp-content\/uploads\/2025\/06\/DSC_0055-768x1160.jpg 768w, https:\/\/ffss-73.fr\/wp-content\/uploads\/2025\/06\/DSC_0055-1017x1536.jpg 1017w, https:\/\/ffss-73.fr\/wp-content\/uploads\/2025\/06\/DSC_0055-1356x2048.jpg 1356w, https:\/\/ffss-73.fr\/wp-content\/uploads\/2025\/06\/DSC_0055-1200x1812.jpg 1200w, https:\/\/ffss-73.fr\/wp-content\/uploads\/2025\/06\/DSC_0055-scaled.jpg 1696w\" sizes=\"auto, (max-width: 199px) 100vw, 199px\" \/><\/p>\n<blockquote>\n<h3>\u00a0REJOIGNEZ-NOUS !<\/h3>\n<\/blockquote>\n<ul>\n<li>Vous souhaitez devenir secouriste, p<span class=\"color_8\">our cela notre association vous formera afin que vous puissiez int\u00e9grer des \u00e9quipes op\u00e9rationn<\/span><span class=\"color_8\">elles et ainsi rentrer dans le monde du secours !!!\u00a0<\/span><\/li>\n<\/ul>\n<ul>\n<li>Si vous \u00eates d\u00e9j\u00e0 form\u00e9 aux Premiers Secours en \u00c9quipe de niveau 1 ou 2, il vous suffit de nous contacter pour nous rejoindre.<\/li>\n<\/ul>\n<ul>\n<li>Une envie de vous investir dans l&rsquo;association sans pour autant devenir secouriste op\u00e9rationnel ? Aucun probl\u00e8me nous recrutons aussi des logisticiens et toutes les bonnes volont\u00e9s !<\/li>\n<li><strong><span class=\"color_8\">Pour nous rejoindre vous devez :<br \/>\n<\/span><\/strong><strong><span class=\"color_8\">&#8211; Avoir 16 ans r\u00e9volus.\u00a0<\/span><\/strong><br \/>\n<strong><span class=\"color_8\">&#8211; Aimer travailler en \u00e9quipe, avoir de la rigueur et du dynamisme.<br \/>\n&#8211; <\/span><\/strong><strong><span class=\"color_8\">Avoir une bonne condition physique (pas obligatoire pour nous rejoindre \ud83d\ude09)<br \/>\n<\/span><\/strong><\/li>\n<\/ul>\n<p><a href=\"http:\/\/ffss-73.fr\/index.php\/nous-contacter\/\"><img loading=\"lazy\" decoding=\"async\" class=\"size-full wp-image-133 aligncenter\" src=\"http:\/\/ffss-73.fr\/wp-content\/uploads\/2018\/10\/nous-contacter.png\" alt=\"\" width=\"223\" height=\"47\" \/><\/a><\/p>\n","protected":false},"excerpt":{"rendered":"<p>\u00a0REJOIGNEZ-NOUS ! Vous souhaitez devenir secouriste, pour cela notre association vous formera afin que vous puissiez int\u00e9grer des \u00e9quipes op\u00e9rationnelles et ainsi rentrer dans le monde du secours !!!\u00a0 Si vous \u00eates d\u00e9j\u00e0 form\u00e9 aux Premiers Secours en \u00c9quipe de niveau 1 ou 2, il vous suffit de nous contacter [&hellip;]<\/p>\n","protected":false},"author":4,"featured_media":0,"parent":0,"menu_order":0,"comment_status":"closed","ping_status":"closed","template":"","meta":{"footnotes":""},"class_list":["post-27","page","type-page","status-publish","hentry"],"_links":{"self":[{"href":"https:\/\/ffss-73.fr\/index.php\/wp-json\/wp\/v2\/pages\/27","targetHints":{"allow":["GET"]}}],"collection":[{"href":"https:\/\/ffss-73.fr\/index.php\/wp-json\/wp\/v2\/pages"}],"about":[{"href":"https:\/\/ffss-73.fr\/index.php\/wp-json\/wp\/v2\/types\/page"}],"author":[{"embeddable":true,"href":"https:\/\/ffss-73.fr\/index.php\/wp-json\/wp\/v2\/users\/4"}],"replies":[{"embeddable":true,"href":"https:\/\/ffss-73.fr\/index.php\/wp-json\/wp\/v2\/comments?post=27"}],"version-history":[{"count":9,"href":"https:\/\/ffss-73.fr\/index.php\/wp-json\/wp\/v2\/pages\/27\/revisions"}],"predecessor-version":[{"id":2274,"href":"https:\/\/ffss-73.fr\/index.php\/wp-json\/wp\/v2\/pages\/27\/revisions\/2274"}],"wp:attachment":[{"href":"https:\/\/ffss-73.fr\/index.php\/wp-json\/wp\/v2\/media?parent=27"}],"curies":[{"name":"wp","href":"https:\/\/api.w.org\/{rel}","templated":true}]}}