{"id":25,"date":"2022-08-09T16:15:32","date_gmt":"2022-08-09T14:15:32","guid":{"rendered":"http:\/\/ffss-73.fr\/?page_id=25"},"modified":"2025-08-05T03:08:42","modified_gmt":"2025-08-05T01:08:42","slug":"moyens-materiels","status":"publish","type":"page","link":"https:\/\/ffss-73.fr\/index.php\/moyens-materiels\/","title":{"rendered":"Moyens mat\u00e9riels"},"content":{"rendered":"<p>Le comit\u00e9 d\u00e9partemental FFSS de la Savoie poss\u00e8de 2 VPSP (V\u00e9hicules de Premiers Secours \u00e0 Personnes), ainsi que d\u2019un 4&#215;4 VLHR (V\u00e9hicule L\u00e9ger Hors Route), de 1 VSOTP (V\u00e9hicule de Soutien Op\u00e9rationnel et Transport de Personnel), d\u2019une VL (V\u00e9hicule L\u00e9ger) ainsi que d&rsquo;un v\u00e9hicule de formation.\u00a0<\/p>\n<p><span style=\"color: #000000;\"><strong>LES VPSP (V\u00e9hicule de Premiers Secours \u00e0 Personnes)<\/strong><\/span><\/p>\n<p><em><strong>Type de v\u00e9hicule :<\/strong> <\/em>V\u00e9hicule de transport sanitaire, Renault Master<\/p>\n<p><em><strong>Ses mission principales :<\/strong><\/em><\/p>\n<ul>\n<li>Assurer les premiers secours lors des DPS (Dispositif de Premiers Secours)<\/li>\n<li>Mission d&rsquo;appui et de soutien aux populations sinistr\u00e9s\u00a0<\/li>\n<li>Plan blan et crise sanitaire\u00a0<\/li>\n<\/ul>\n<p><em><strong>\u00c9quipements \u00e0 bord<\/strong><\/em><\/p>\n<ul>\n<li>Brancard + chaise portoir<\/li>\n<li>D\u00e9fibrillateur automatis\u00e9 externe (DAE) et Scope Weinmann<\/li>\n<li>Mat\u00e9riel d\u2019immobilisation (colliers cervicaux, attelles, plan dur, MID)<\/li>\n<li>Oxyg\u00e9noth\u00e9rapie (bouteilles, masques, insufflateurs, &#8230;)<\/li>\n<li>1 Sac de Premier secours\u00a0<\/li>\n<li>1 Sac d&rsquo;oxyg\u00e9noth\u00e9rapie et de r\u00e9animation\u00a0<\/li>\n<li>Kits d&rsquo;urgence (br\u00fblures, membres sectionn\u00e9s, AES, &#8230;)<\/li>\n<li>1 Extincteur\u00a0<\/li>\n<li>Du mat\u00e9riel de signalisation (c\u00f4ne de L\u00fcbeck, triangle de pr\u00e9signalisation, gilets haute visibilit\u00e9)\u00a0<\/li>\n<li>Mat\u00e9riel de premiers soins\u00a0<\/li>\n<\/ul>\n<p><em><strong>\u00c9quipage du VPSP<\/strong><\/em><\/p>\n<ul>\n<li>1 Conducteur\u00a0<\/li>\n<li>1 Chef d\u2019\u00e9quipe<\/li>\n<li>1 \u00e9quipier ou 1 secouriste\u00a0<\/li>\n<\/ul>\n<p><img loading=\"lazy\" decoding=\"async\" class=\"alignnone size-medium wp-image-2114\" src=\"http:\/\/ffss-73.fr\/wp-content\/uploads\/2025\/08\/IMG-20250702-WA0011-1-199x300.jpg\" alt=\"\" width=\"199\" height=\"300\" srcset=\"https:\/\/ffss-73.fr\/wp-content\/uploads\/2025\/08\/IMG-20250702-WA0011-1-199x300.jpg 199w, https:\/\/ffss-73.fr\/wp-content\/uploads\/2025\/08\/IMG-20250702-WA0011-1-678x1024.jpg 678w, https:\/\/ffss-73.fr\/wp-content\/uploads\/2025\/08\/IMG-20250702-WA0011-1-768x1160.jpg 768w, https:\/\/ffss-73.fr\/wp-content\/uploads\/2025\/08\/IMG-20250702-WA0011-1-1017x1536.jpg 1017w, https:\/\/ffss-73.fr\/wp-content\/uploads\/2025\/08\/IMG-20250702-WA0011-1.jpg 1059w\" sizes=\"auto, (max-width: 199px) 100vw, 199px\" \/><\/p>\n<p><img loading=\"lazy\" decoding=\"async\" class=\"alignnone size-medium wp-image-2149\" src=\"http:\/\/ffss-73.fr\/wp-content\/uploads\/2025\/08\/IMG-20250323-WA0001-300x225.jpg\" alt=\"\" width=\"300\" height=\"225\" srcset=\"https:\/\/ffss-73.fr\/wp-content\/uploads\/2025\/08\/IMG-20250323-WA0001-300x225.jpg 300w, https:\/\/ffss-73.fr\/wp-content\/uploads\/2025\/08\/IMG-20250323-WA0001-1024x768.jpg 1024w, https:\/\/ffss-73.fr\/wp-content\/uploads\/2025\/08\/IMG-20250323-WA0001-768x576.jpg 768w, https:\/\/ffss-73.fr\/wp-content\/uploads\/2025\/08\/IMG-20250323-WA0001-1536x1152.jpg 1536w, https:\/\/ffss-73.fr\/wp-content\/uploads\/2025\/08\/IMG-20250323-WA0001-1200x900.jpg 1200w, https:\/\/ffss-73.fr\/wp-content\/uploads\/2025\/08\/IMG-20250323-WA0001.jpg 1600w\" sizes=\"auto, (max-width: 300px) 100vw, 300px\" \/><\/p>\n<p><img loading=\"lazy\" decoding=\"async\" class=\"alignnone size-medium wp-image-2145\" src=\"http:\/\/ffss-73.fr\/wp-content\/uploads\/2025\/08\/IMG-20250324-WA0000-300x225.jpg\" alt=\"\" width=\"300\" height=\"225\" srcset=\"https:\/\/ffss-73.fr\/wp-content\/uploads\/2025\/08\/IMG-20250324-WA0000-300x225.jpg 300w, https:\/\/ffss-73.fr\/wp-content\/uploads\/2025\/08\/IMG-20250324-WA0000-1024x768.jpg 1024w, https:\/\/ffss-73.fr\/wp-content\/uploads\/2025\/08\/IMG-20250324-WA0000-768x576.jpg 768w, https:\/\/ffss-73.fr\/wp-content\/uploads\/2025\/08\/IMG-20250324-WA0000-1536x1152.jpg 1536w, https:\/\/ffss-73.fr\/wp-content\/uploads\/2025\/08\/IMG-20250324-WA0000-1200x900.jpg 1200w, https:\/\/ffss-73.fr\/wp-content\/uploads\/2025\/08\/IMG-20250324-WA0000.jpg 2048w\" sizes=\"auto, (max-width: 300px) 100vw, 300px\" \/><\/p>\n<p><img loading=\"lazy\" decoding=\"async\" class=\"alignnone size-medium wp-image-2068\" src=\"http:\/\/ffss-73.fr\/wp-content\/uploads\/2025\/06\/DSC_0030-300x199.jpg\" alt=\"\" width=\"300\" height=\"199\" srcset=\"https:\/\/ffss-73.fr\/wp-content\/uploads\/2025\/06\/DSC_0030-300x199.jpg 300w, https:\/\/ffss-73.fr\/wp-content\/uploads\/2025\/06\/DSC_0030-1024x678.jpg 1024w, https:\/\/ffss-73.fr\/wp-content\/uploads\/2025\/06\/DSC_0030-768x509.jpg 768w, https:\/\/ffss-73.fr\/wp-content\/uploads\/2025\/06\/DSC_0030-1536x1017.jpg 1536w, https:\/\/ffss-73.fr\/wp-content\/uploads\/2025\/06\/DSC_0030-2048x1356.jpg 2048w, https:\/\/ffss-73.fr\/wp-content\/uploads\/2025\/06\/DSC_0030-1200x795.jpg 1200w\" sizes=\"auto, (max-width: 300px) 100vw, 300px\" \/>\u00a0<\/p>\n<p><strong>Les VL (V\u00e9hicules L\u00e9gers)<\/strong><\/p>\n<p>Type de v\u00e9hicule : V\u00e9hicule de transport de personnels et de premiers secours : 1 Dacia Duster et 1 Renault Scenic.<\/p>\n<p><em><strong>Ses mission principales :<\/strong><\/em><\/p>\n<ul>\n<li>Assurer les premiers secours lors des DPS (Dispositif de Premiers Secours)<\/li>\n<li>Mission d&rsquo;appui et de soutien aux populations sinistr\u00e9s\u00a0<\/li>\n<li>Plan blan et crise sanitaire\u00a0<\/li>\n<\/ul>\n<p><em><strong>\u00c9quipements \u00e0 bord<\/strong><\/em><\/p>\n<ul>\n<li>Chaise portoir<\/li>\n<li>D\u00e9fibrillateur automatis\u00e9 externe (DAE)\u00a0<\/li>\n<li>Mat\u00e9riel d\u2019immobilisation (colliers cervicaux, attelles, MID)<\/li>\n<li>1 Sac de Premier secours\u00a0<\/li>\n<li>1 Sac d&rsquo;oxyg\u00e9noth\u00e9rapie et de r\u00e9animation<\/li>\n<li>1 Extincteur\u00a0<\/li>\n<li>Du mat\u00e9riel de signalisation (c\u00f4ne de L\u00fcbeck, triangle de pr\u00e9signalisation, gilets haute visibilit\u00e9)\u00a0<\/li>\n<li>Casques F2<\/li>\n<\/ul>\n<p><em><strong>\u00c9quipage de la VL<\/strong><\/em><\/p>\n<ul>\n<li>1 Conducteur\u00a0<\/li>\n<li>3 places personnels\u00a0<\/li>\n<\/ul>\n<p><img loading=\"lazy\" decoding=\"async\" class=\"alignnone size-medium wp-image-2140\" src=\"http:\/\/ffss-73.fr\/wp-content\/uploads\/2025\/08\/IMG_20250504_121854-225x300.jpg\" alt=\"\" width=\"225\" height=\"300\" srcset=\"https:\/\/ffss-73.fr\/wp-content\/uploads\/2025\/08\/IMG_20250504_121854-225x300.jpg 225w, https:\/\/ffss-73.fr\/wp-content\/uploads\/2025\/08\/IMG_20250504_121854-768x1024.jpg 768w, https:\/\/ffss-73.fr\/wp-content\/uploads\/2025\/08\/IMG_20250504_121854-1152x1536.jpg 1152w, https:\/\/ffss-73.fr\/wp-content\/uploads\/2025\/08\/IMG_20250504_121854-1536x2048.jpg 1536w, https:\/\/ffss-73.fr\/wp-content\/uploads\/2025\/08\/IMG_20250504_121854-1200x1600.jpg 1200w, https:\/\/ffss-73.fr\/wp-content\/uploads\/2025\/08\/IMG_20250504_121854-scaled.jpg 1920w\" sizes=\"auto, (max-width: 225px) 100vw, 225px\" \/>\u00a0 \u00a0\u00a0\u00a0<img loading=\"lazy\" decoding=\"async\" class=\"alignnone size-medium wp-image-2122\" src=\"http:\/\/ffss-73.fr\/wp-content\/uploads\/2025\/08\/IMG-20250615-WA0023-225x300.jpg\" alt=\"\" width=\"225\" height=\"300\" srcset=\"https:\/\/ffss-73.fr\/wp-content\/uploads\/2025\/08\/IMG-20250615-WA0023-225x300.jpg 225w, https:\/\/ffss-73.fr\/wp-content\/uploads\/2025\/08\/IMG-20250615-WA0023-768x1024.jpg 768w, https:\/\/ffss-73.fr\/wp-content\/uploads\/2025\/08\/IMG-20250615-WA0023-1152x1536.jpg 1152w, https:\/\/ffss-73.fr\/wp-content\/uploads\/2025\/08\/IMG-20250615-WA0023.jpg 1200w\" sizes=\"auto, (max-width: 225px) 100vw, 225px\" \/><\/p>\n<p><img loading=\"lazy\" decoding=\"async\" class=\"alignnone size-medium wp-image-2139\" src=\"http:\/\/ffss-73.fr\/wp-content\/uploads\/2025\/08\/IMG-20250504-WA0007-300x225.jpg\" alt=\"\" width=\"300\" height=\"225\" srcset=\"https:\/\/ffss-73.fr\/wp-content\/uploads\/2025\/08\/IMG-20250504-WA0007-300x225.jpg 300w, https:\/\/ffss-73.fr\/wp-content\/uploads\/2025\/08\/IMG-20250504-WA0007-1024x768.jpg 1024w, https:\/\/ffss-73.fr\/wp-content\/uploads\/2025\/08\/IMG-20250504-WA0007-768x576.jpg 768w, https:\/\/ffss-73.fr\/wp-content\/uploads\/2025\/08\/IMG-20250504-WA0007-1536x1152.jpg 1536w, https:\/\/ffss-73.fr\/wp-content\/uploads\/2025\/08\/IMG-20250504-WA0007-1200x900.jpg 1200w, https:\/\/ffss-73.fr\/wp-content\/uploads\/2025\/08\/IMG-20250504-WA0007.jpg 1600w\" sizes=\"auto, (max-width: 300px) 100vw, 300px\" \/>\u00a0 \u00a0\u00a0<img loading=\"lazy\" decoding=\"async\" class=\"alignnone size-medium wp-image-2123\" src=\"http:\/\/ffss-73.fr\/wp-content\/uploads\/2025\/08\/IMG-20250615-WA0018-300x225.jpg\" alt=\"\" width=\"300\" height=\"225\" srcset=\"https:\/\/ffss-73.fr\/wp-content\/uploads\/2025\/08\/IMG-20250615-WA0018-300x225.jpg 300w, https:\/\/ffss-73.fr\/wp-content\/uploads\/2025\/08\/IMG-20250615-WA0018-1024x768.jpg 1024w, https:\/\/ffss-73.fr\/wp-content\/uploads\/2025\/08\/IMG-20250615-WA0018-768x576.jpg 768w, https:\/\/ffss-73.fr\/wp-content\/uploads\/2025\/08\/IMG-20250615-WA0018-1536x1152.jpg 1536w, https:\/\/ffss-73.fr\/wp-content\/uploads\/2025\/08\/IMG-20250615-WA0018-1200x900.jpg 1200w, https:\/\/ffss-73.fr\/wp-content\/uploads\/2025\/08\/IMG-20250615-WA0018.jpg 1600w\" sizes=\"auto, (max-width: 300px) 100vw, 300px\" \/><\/p>\n<p><strong>Le VSOTP (V\u00e9hicule de Soutien Op\u00e9rationnel et de Transport de Personnels)<\/strong><\/p>\n<p>Type de v\u00e9hicule : V\u00e9hicule de transport de personnels et de soutien op\u00e9rationnel, Peugeot Baxter<\/p>\n<p><em><strong>Ses mission principales :<\/strong><\/em><\/p>\n<ul>\n<li>Assurer les premiers secours lors des DPS (Dispositif de Premiers Secours)<\/li>\n<li>Mission d&rsquo;appui et de soutien aux populations sinistr\u00e9s\u00a0<\/li>\n<li>Plan blan et crise sanitaire\u00a0<\/li>\n<\/ul>\n<p><em><strong>\u00c9quipements \u00e0 bord<\/strong><\/em><\/p>\n<ul>\n<li>Chaise portoir et brancard portatif\u00a0<\/li>\n<li>D\u00e9fibrillateur automatis\u00e9 externe (DAE)\u00a0<\/li>\n<li>Mat\u00e9riel d\u2019immobilisation (colliers cervicaux, attelles, plan dur, MID)<\/li>\n<li>Oxyg\u00e9noth\u00e9rapie (bouteilles, masques, insufflateurs, &#8230;)<\/li>\n<li>1 Sac de Premier secours\u00a0<\/li>\n<li>1 Sac d&rsquo;oxyg\u00e9noth\u00e9rapie et de r\u00e9animation\u00a0<\/li>\n<li>Kits d&rsquo;urgence (br\u00fblures, membres sectionn\u00e9s, AES, &#8230;)<\/li>\n<li>1 Extincteur\u00a0<\/li>\n<li>Du mat\u00e9riel de signalisation (c\u00f4ne de L\u00fcbeck, triangle de pr\u00e9signalisation, gilets haute visibilit\u00e9)\u00a0<\/li>\n<li>Casques F2<\/li>\n<\/ul>\n<p><em><strong>\u00c9quipage du VSOTP<\/strong><\/em><\/p>\n<ul>\n<li>1 Conducteur\u00a0<\/li>\n<li>6 places de personnels\u00a0<\/li>\n<\/ul>\n<p><img loading=\"lazy\" decoding=\"async\" class=\"alignnone size-medium wp-image-2143\" src=\"http:\/\/ffss-73.fr\/wp-content\/uploads\/2025\/08\/IMG_20250330_083729-225x300.jpg\" alt=\"\" width=\"225\" height=\"300\" srcset=\"https:\/\/ffss-73.fr\/wp-content\/uploads\/2025\/08\/IMG_20250330_083729-225x300.jpg 225w, https:\/\/ffss-73.fr\/wp-content\/uploads\/2025\/08\/IMG_20250330_083729-768x1024.jpg 768w, https:\/\/ffss-73.fr\/wp-content\/uploads\/2025\/08\/IMG_20250330_083729-1152x1536.jpg 1152w, https:\/\/ffss-73.fr\/wp-content\/uploads\/2025\/08\/IMG_20250330_083729-1536x2048.jpg 1536w, https:\/\/ffss-73.fr\/wp-content\/uploads\/2025\/08\/IMG_20250330_083729-1200x1600.jpg 1200w, https:\/\/ffss-73.fr\/wp-content\/uploads\/2025\/08\/IMG_20250330_083729-scaled.jpg 1920w\" sizes=\"auto, (max-width: 225px) 100vw, 225px\" \/> \u00a0 \u00a0 \u00a0<img loading=\"lazy\" decoding=\"async\" class=\"alignnone size-medium wp-image-2121\" src=\"http:\/\/ffss-73.fr\/wp-content\/uploads\/2025\/08\/IMG-20250702-WA0010-199x300.jpg\" alt=\"\" width=\"199\" height=\"300\" srcset=\"https:\/\/ffss-73.fr\/wp-content\/uploads\/2025\/08\/IMG-20250702-WA0010-199x300.jpg 199w, https:\/\/ffss-73.fr\/wp-content\/uploads\/2025\/08\/IMG-20250702-WA0010-678x1024.jpg 678w, https:\/\/ffss-73.fr\/wp-content\/uploads\/2025\/08\/IMG-20250702-WA0010-768x1160.jpg 768w, https:\/\/ffss-73.fr\/wp-content\/uploads\/2025\/08\/IMG-20250702-WA0010-1017x1536.jpg 1017w, https:\/\/ffss-73.fr\/wp-content\/uploads\/2025\/08\/IMG-20250702-WA0010.jpg 1059w\" sizes=\"auto, (max-width: 199px) 100vw, 199px\" \/><\/p>\n<p><em><strong>Nos sacs d&rsquo;interventions<\/strong><\/em>\u00a0<\/p>\n<p>Nos sacs sont issus de la marque SYT Medics, de la gamme SUV.\u00a0<\/p>\n<p>Leurs caract\u00e9ristiques :\u00a0<\/p>\n<ul>\n<li>Portage dos ergonomique et ventil\u00e9<\/li>\n<li>Portage main, deux positions possibles<\/li>\n<li>Anneau de treuillage \u2013 h\u00e9litreuillage<\/li>\n<li>Pied \u00e0 perfusion int\u00e9gr\u00e9\u00a0<\/li>\n<li>Ouverture de la station SUV c\u00f4t\u00e9 dos<\/li>\n<li>Acc\u00e8s rapide aux trousses de premiers secours\u00a0<\/li>\n<\/ul>\n<p><img loading=\"lazy\" decoding=\"async\" class=\"alignnone size-medium wp-image-2113\" src=\"http:\/\/ffss-73.fr\/wp-content\/uploads\/2025\/08\/IMG-20250706-WA0008-1-199x300.jpg\" alt=\"\" width=\"199\" height=\"300\" srcset=\"https:\/\/ffss-73.fr\/wp-content\/uploads\/2025\/08\/IMG-20250706-WA0008-1-199x300.jpg 199w, https:\/\/ffss-73.fr\/wp-content\/uploads\/2025\/08\/IMG-20250706-WA0008-1-678x1024.jpg 678w, https:\/\/ffss-73.fr\/wp-content\/uploads\/2025\/08\/IMG-20250706-WA0008-1-768x1160.jpg 768w, https:\/\/ffss-73.fr\/wp-content\/uploads\/2025\/08\/IMG-20250706-WA0008-1-1017x1536.jpg 1017w, https:\/\/ffss-73.fr\/wp-content\/uploads\/2025\/08\/IMG-20250706-WA0008-1.jpg 1059w\" sizes=\"auto, (max-width: 199px) 100vw, 199px\" \/>\u00a0 \u00a0 \u00a0 \u00a0<img loading=\"lazy\" decoding=\"async\" class=\"alignnone size-medium wp-image-2128\" src=\"http:\/\/ffss-73.fr\/wp-content\/uploads\/2025\/08\/IMG-20250525-WA0010-225x300.jpg\" alt=\"\" width=\"225\" height=\"300\" srcset=\"https:\/\/ffss-73.fr\/wp-content\/uploads\/2025\/08\/IMG-20250525-WA0010-225x300.jpg 225w, https:\/\/ffss-73.fr\/wp-content\/uploads\/2025\/08\/IMG-20250525-WA0010-768x1023.jpg 768w, https:\/\/ffss-73.fr\/wp-content\/uploads\/2025\/08\/IMG-20250525-WA0010-1153x1536.jpg 1153w, https:\/\/ffss-73.fr\/wp-content\/uploads\/2025\/08\/IMG-20250525-WA0010.jpg 1200w\" sizes=\"auto, (max-width: 225px) 100vw, 225px\" \/><\/p>\n<p><em><strong>Les SCOPES<\/strong><\/em><\/p>\n<p>Nous sommes \u00e9quip\u00e9s de moniteurs et DSA de la marque Weinmann de la gamme MEDUCORE Standard\u00b2. Un dispositif d&rsquo;urgence simple d&rsquo;utilisation et performant \u00e0 l&rsquo;usage. Il permet la surveillance de la victime et la r\u00e9alisation d&rsquo;ECG.\u00a0<\/p>\n<p>Les options du moniteur :\u00a0<\/p>\n<ul>\n<li>Monitorage de base avec SpO\u2082, PNI, ECG \u00e0 6 d\u00e9rivations, mode DSA manuel<\/li>\n<li>ECG \u00e0 12 d\u00e9rivations, d\u00e9fibrillation manuelle, cardioversion<\/li>\n<li>Transmission de donn\u00e9es : e-mail, Wi-Fi, Bluetooth\u00ae<\/li>\n<li>L\u00e9ger, peu encombrant et robuste<\/li>\n<\/ul>\n<p>\u00a0<img loading=\"lazy\" decoding=\"async\" class=\"alignnone size-medium wp-image-2222\" src=\"http:\/\/ffss-73.fr\/wp-content\/uploads\/2025\/08\/IMG-20250805-WA0001-240x300.jpg\" alt=\"\" width=\"240\" height=\"300\" srcset=\"https:\/\/ffss-73.fr\/wp-content\/uploads\/2025\/08\/IMG-20250805-WA0001-240x300.jpg 240w, https:\/\/ffss-73.fr\/wp-content\/uploads\/2025\/08\/IMG-20250805-WA0001-819x1024.jpg 819w, https:\/\/ffss-73.fr\/wp-content\/uploads\/2025\/08\/IMG-20250805-WA0001-768x960.jpg 768w, https:\/\/ffss-73.fr\/wp-content\/uploads\/2025\/08\/IMG-20250805-WA0001.jpg 1080w\" sizes=\"auto, (max-width: 240px) 100vw, 240px\" \/> <img loading=\"lazy\" decoding=\"async\" class=\"alignnone size-medium wp-image-2223\" src=\"http:\/\/ffss-73.fr\/wp-content\/uploads\/2025\/08\/IMG-20250805-WA0000-240x300.jpg\" alt=\"\" width=\"240\" height=\"300\" srcset=\"https:\/\/ffss-73.fr\/wp-content\/uploads\/2025\/08\/IMG-20250805-WA0000-240x300.jpg 240w, https:\/\/ffss-73.fr\/wp-content\/uploads\/2025\/08\/IMG-20250805-WA0000-819x1024.jpg 819w, https:\/\/ffss-73.fr\/wp-content\/uploads\/2025\/08\/IMG-20250805-WA0000-768x960.jpg 768w, https:\/\/ffss-73.fr\/wp-content\/uploads\/2025\/08\/IMG-20250805-WA0000.jpg 1080w\" sizes=\"auto, (max-width: 240px) 100vw, 240px\" \/><\/p>\n\n\n<p><\/p>\n","protected":false},"excerpt":{"rendered":"<p>Le comit\u00e9 d\u00e9partemental FFSS de la Savoie poss\u00e8de 2 VPSP (V\u00e9hicules de Premiers Secours \u00e0 Personnes), ainsi que d\u2019un 4&#215;4 VLHR (V\u00e9hicule L\u00e9ger Hors Route), de 1 VSOTP (V\u00e9hicule de Soutien Op\u00e9rationnel et Transport de Personnel), d\u2019une VL (V\u00e9hicule L\u00e9ger) ainsi que d&rsquo;un v\u00e9hicule de formation.\u00a0 LES VPSP (V\u00e9hicule de [&hellip;]<\/p>\n","protected":false},"author":1,"featured_media":0,"parent":0,"menu_order":0,"comment_status":"closed","ping_status":"closed","template":"","meta":{"footnotes":""},"class_list":["post-25","page","type-page","status-publish","hentry"],"_links":{"self":[{"href":"https:\/\/ffss-73.fr\/index.php\/wp-json\/wp\/v2\/pages\/25","targetHints":{"allow":["GET"]}}],"collection":[{"href":"https:\/\/ffss-73.fr\/index.php\/wp-json\/wp\/v2\/pages"}],"about":[{"href":"https:\/\/ffss-73.fr\/index.php\/wp-json\/wp\/v2\/types\/page"}],"author":[{"embeddable":true,"href":"https:\/\/ffss-73.fr\/index.php\/wp-json\/wp\/v2\/users\/1"}],"replies":[{"embeddable":true,"href":"https:\/\/ffss-73.fr\/index.php\/wp-json\/wp\/v2\/comments?post=25"}],"version-history":[{"count":21,"href":"https:\/\/ffss-73.fr\/index.php\/wp-json\/wp\/v2\/pages\/25\/revisions"}],"predecessor-version":[{"id":2226,"href":"https:\/\/ffss-73.fr\/index.php\/wp-json\/wp\/v2\/pages\/25\/revisions\/2226"}],"wp:attachment":[{"href":"https:\/\/ffss-73.fr\/index.php\/wp-json\/wp\/v2\/media?parent=25"}],"curies":[{"name":"wp","href":"https:\/\/api.w.org\/{rel}","templated":true}]}}