{"id":21,"date":"2022-10-03T14:00:00","date_gmt":"2022-10-03T12:00:00","guid":{"rendered":"http:\/\/ffss-73.fr\/?page_id=21"},"modified":"2025-08-02T17:32:53","modified_gmt":"2025-08-02T15:32:53","slug":"dispositifs-de-secours","status":"publish","type":"page","link":"https:\/\/ffss-73.fr\/index.php\/dispositifs-de-secours\/","title":{"rendered":"Dispositifs de Secours"},"content":{"rendered":"\n<p>Depuis la Loi d&rsquo;Orientation de S\u00e9curit\u00e9 Civile du 13.08.2004, il a \u00e9t\u00e9 d\u00e9l\u00e9gu\u00e9 aux ASCC l&rsquo;organisation de Dispositifs Pr\u00e9visionnels de Secours (DPS) sur ces lieux.<\/p>\n<p>Les <strong>DPS<\/strong> garantissent la pr\u00e9sence suffisante de secouristes, de v\u00e9hicules et de mat\u00e9riels de secours sur site permettant ainsi de pr\u00e9server la s\u00e9curit\u00e9 du public pr\u00e9sent.<\/p>\n<p>Les Dispositifs Pr\u00e9visionnels de Secours peuvent \u00eatre de nature :<\/p>\n<p>&#8211; Terrestre (ville, montagne, stade).<br \/>&#8211; Aquatique (surveillance d\u2019activit\u00e9s aquatiques, sauvetage nautique ou subaquatique).<\/p>\n<p>Les Dispositifs sont r\u00e9git par le code de la S\u00e9curit\u00e9 Int\u00e9rieure, comprenant le r\u00e9f\u00e9rentiel national des missions de s\u00e9curit\u00e9 civile appliqu\u00e9es aux Dispositifs Pr\u00e9visionnels de Secours (le RNMSC-DPS).<\/p>\n<p>Le Comit\u00e9 D\u00e9partemental FFSS de la Savoie poss\u00e8de une convention d\u2019\u00e9vacuation tripartite avec le SDIS 73 et le SAMU 73.<br \/>Ainsi, il est possible pour les v\u00e9hicules de secours du Comit\u00e9 d\u2019\u00e9vacuer une victime du lieu de poste de secours vers un centre hospitalier (choix du centre en relation avec la r\u00e9gulation du SAMU 73). Cela garantie donc un d\u00e9lai de prise en charge minimal pour les victimes.<\/p>\n<p><strong><u>Exemples de DPS marquants r\u00e9alis\u00e9s par le CD FFSS 73\u00a0:<\/u><\/strong><\/p>\n<p>Tour de France, Foire de Savoie, Salon Alpin, Saveurs et Terroirs, Concert \u00e0 l&rsquo;Halle d&rsquo;Albertville, Marathon du Clair de Lune, Rallyes de Chartreuse et de Chautagne, Chartreuse Terminorum, Odyss\u00e9a, Relais pour La Vie, F\u00eate de la musique de Aix-Les-Bains, Championnats d\u2019Aviron, Coupe des lacs de BMX, divers \u00e9v\u00e8nements cyclistes en Savoie, soir\u00e9es \u00e9tudiantes, soit environ plus de 140 DPS par an.<\/p>\n\n\n<p><\/p>\n","protected":false},"excerpt":{"rendered":"<p>Depuis la Loi d&rsquo;Orientation de S\u00e9curit\u00e9 Civile du 13.08.2004, il a \u00e9t\u00e9 d\u00e9l\u00e9gu\u00e9 aux ASCC l&rsquo;organisation de Dispositifs Pr\u00e9visionnels de Secours (DPS) sur ces lieux. Les DPS garantissent la pr\u00e9sence suffisante de secouristes, de v\u00e9hicules et de mat\u00e9riels de secours sur site permettant ainsi de pr\u00e9server la s\u00e9curit\u00e9 du public [&hellip;]<\/p>\n","protected":false},"author":4,"featured_media":0,"parent":0,"menu_order":0,"comment_status":"closed","ping_status":"closed","template":"","meta":{"footnotes":""},"class_list":["post-21","page","type-page","status-publish","hentry"],"_links":{"self":[{"href":"https:\/\/ffss-73.fr\/index.php\/wp-json\/wp\/v2\/pages\/21","targetHints":{"allow":["GET"]}}],"collection":[{"href":"https:\/\/ffss-73.fr\/index.php\/wp-json\/wp\/v2\/pages"}],"about":[{"href":"https:\/\/ffss-73.fr\/index.php\/wp-json\/wp\/v2\/types\/page"}],"author":[{"embeddable":true,"href":"https:\/\/ffss-73.fr\/index.php\/wp-json\/wp\/v2\/users\/4"}],"replies":[{"embeddable":true,"href":"https:\/\/ffss-73.fr\/index.php\/wp-json\/wp\/v2\/comments?post=21"}],"version-history":[{"count":22,"href":"https:\/\/ffss-73.fr\/index.php\/wp-json\/wp\/v2\/pages\/21\/revisions"}],"predecessor-version":[{"id":2203,"href":"https:\/\/ffss-73.fr\/index.php\/wp-json\/wp\/v2\/pages\/21\/revisions\/2203"}],"wp:attachment":[{"href":"https:\/\/ffss-73.fr\/index.php\/wp-json\/wp\/v2\/media?parent=21"}],"curies":[{"name":"wp","href":"https:\/\/api.w.org\/{rel}","templated":true}]}}