{"id":19,"date":"2022-09-05T11:45:03","date_gmt":"2022-09-05T09:45:03","guid":{"rendered":"http:\/\/ffss-73.fr\/?page_id=19"},"modified":"2025-08-10T21:28:33","modified_gmt":"2025-08-10T19:28:33","slug":"missions-de-securite-civile","status":"publish","type":"page","link":"https:\/\/ffss-73.fr\/index.php\/missions-de-securite-civile\/","title":{"rendered":"Missions de s\u00e9curit\u00e9 civile"},"content":{"rendered":"<p><strong>De par ses d\u00e9l\u00e9gations attribu\u00e9es par le Minist\u00e8re de l&rsquo;Int\u00e9rieur, le Comit\u00e9 concourt \u00e0 :<\/strong><br \/>\n&#8211; Mettre en place des <a href=\"https:\/\/ffss-73.fr\/index.php\/dispositifs-de-secours\/\">Dispositifs Pr\u00e9visionnels de Secours<\/a> (DPS)<br \/>\n&#8211; Participer \u00e0 des <a href=\"https:\/\/ffss-73.fr\/index.php\/operations-de-secours\/\">op\u00e9rations de secours aux populations<\/a> en difficult\u00e9<\/p>\n<p style=\"text-align: left;\"><span style=\"color: #ff0000;\"><strong>NOS PLANS D&rsquo;URGENCES<\/strong><\/span><\/p>\n<p><strong>Plan d&rsquo;h\u00e9bergement suite \u00e0 l&rsquo;\u00e9boulement de Mo\u00fbtiers<\/strong><\/p>\n<p>Un accueil des rescap\u00e9s a \u00e9t\u00e9 r\u00e9alis\u00e9 en collaboration avec la Croix-Rouge et la pr\u00e9fecture dans la Halle Olympique de la commune d&rsquo;Albertville. Pr\u00e8s de 1500 personnes ont \u00e9t\u00e9 accueillies dans le centre.<\/p>\n<p><em><strong>Mission :\u00a0<\/strong><\/em><\/p>\n<ul>\n<li>D\u00e9livrance de boissons chaudes et repas<\/li>\n<li>D\u00e9livrance de lit et couvertures<\/li>\n<li>Rangement de la Halle le lendemain de l&rsquo;incident<\/li>\n<\/ul>\n<p><img loading=\"lazy\" decoding=\"async\" class=\"alignnone size-medium wp-image-2256\" src=\"http:\/\/ffss-73.fr\/wp-content\/uploads\/2025\/08\/IMG-20250810-WA0018-300x225.jpg\" alt=\"\" width=\"300\" height=\"225\" srcset=\"https:\/\/ffss-73.fr\/wp-content\/uploads\/2025\/08\/IMG-20250810-WA0018-300x225.jpg 300w, https:\/\/ffss-73.fr\/wp-content\/uploads\/2025\/08\/IMG-20250810-WA0018-1024x768.jpg 1024w, https:\/\/ffss-73.fr\/wp-content\/uploads\/2025\/08\/IMG-20250810-WA0018-768x576.jpg 768w, https:\/\/ffss-73.fr\/wp-content\/uploads\/2025\/08\/IMG-20250810-WA0018-1536x1152.jpg 1536w, https:\/\/ffss-73.fr\/wp-content\/uploads\/2025\/08\/IMG-20250810-WA0018-1200x900.jpg 1200w, https:\/\/ffss-73.fr\/wp-content\/uploads\/2025\/08\/IMG-20250810-WA0018.jpg 1600w\" sizes=\"auto, (max-width: 300px) 100vw, 300px\" \/> <img loading=\"lazy\" decoding=\"async\" class=\"alignnone size-medium wp-image-2257\" src=\"http:\/\/ffss-73.fr\/wp-content\/uploads\/2025\/08\/IMG-20250810-WA0017-300x225.jpg\" alt=\"\" width=\"300\" height=\"225\" srcset=\"https:\/\/ffss-73.fr\/wp-content\/uploads\/2025\/08\/IMG-20250810-WA0017-300x225.jpg 300w, https:\/\/ffss-73.fr\/wp-content\/uploads\/2025\/08\/IMG-20250810-WA0017-1024x768.jpg 1024w, https:\/\/ffss-73.fr\/wp-content\/uploads\/2025\/08\/IMG-20250810-WA0017-768x576.jpg 768w, https:\/\/ffss-73.fr\/wp-content\/uploads\/2025\/08\/IMG-20250810-WA0017-1536x1152.jpg 1536w, https:\/\/ffss-73.fr\/wp-content\/uploads\/2025\/08\/IMG-20250810-WA0017-1200x900.jpg 1200w, https:\/\/ffss-73.fr\/wp-content\/uploads\/2025\/08\/IMG-20250810-WA0017.jpg 1600w\" sizes=\"auto, (max-width: 300px) 100vw, 300px\" \/><\/p>\n<p><img loading=\"lazy\" decoding=\"async\" class=\"alignnone size-medium wp-image-2258\" src=\"http:\/\/ffss-73.fr\/wp-content\/uploads\/2025\/08\/IMG-20250810-WA0016-300x225.jpg\" alt=\"\" width=\"300\" height=\"225\" srcset=\"https:\/\/ffss-73.fr\/wp-content\/uploads\/2025\/08\/IMG-20250810-WA0016-300x225.jpg 300w, https:\/\/ffss-73.fr\/wp-content\/uploads\/2025\/08\/IMG-20250810-WA0016-1024x768.jpg 1024w, https:\/\/ffss-73.fr\/wp-content\/uploads\/2025\/08\/IMG-20250810-WA0016-768x576.jpg 768w, https:\/\/ffss-73.fr\/wp-content\/uploads\/2025\/08\/IMG-20250810-WA0016-1536x1152.jpg 1536w, https:\/\/ffss-73.fr\/wp-content\/uploads\/2025\/08\/IMG-20250810-WA0016-1200x900.jpg 1200w, https:\/\/ffss-73.fr\/wp-content\/uploads\/2025\/08\/IMG-20250810-WA0016.jpg 1600w\" sizes=\"auto, (max-width: 300px) 100vw, 300px\" \/> <img loading=\"lazy\" decoding=\"async\" class=\"alignnone size-medium wp-image-2266\" src=\"http:\/\/ffss-73.fr\/wp-content\/uploads\/2025\/08\/IMG-20250810-WA0019-300x225.jpg\" alt=\"\" width=\"300\" height=\"225\" srcset=\"https:\/\/ffss-73.fr\/wp-content\/uploads\/2025\/08\/IMG-20250810-WA0019-300x225.jpg 300w, https:\/\/ffss-73.fr\/wp-content\/uploads\/2025\/08\/IMG-20250810-WA0019-1024x768.jpg 1024w, https:\/\/ffss-73.fr\/wp-content\/uploads\/2025\/08\/IMG-20250810-WA0019-768x576.jpg 768w, https:\/\/ffss-73.fr\/wp-content\/uploads\/2025\/08\/IMG-20250810-WA0019-1536x1152.jpg 1536w, https:\/\/ffss-73.fr\/wp-content\/uploads\/2025\/08\/IMG-20250810-WA0019-1200x900.jpg 1200w, https:\/\/ffss-73.fr\/wp-content\/uploads\/2025\/08\/IMG-20250810-WA0019.jpg 1600w\" sizes=\"auto, (max-width: 300px) 100vw, 300px\" \/><\/p>\n<p><strong>Renfort sur une Rave Party dans le d\u00e9partement de l&rsquo;Ain\u00a0<\/strong><\/p>\n<p>Nos secouristes \u00e9taient en renfort sur une Rave Party dans l&rsquo;Ain afin de porter secours aux festivaliers aux c\u00f4t\u00e9s de la Protection Civile, de la Croix-Rouge, de la Croix-Blanche, du SDIS 01 et de la gendarmerie.<\/p>\n<p><em><strong>Bilan :\u00a0<\/strong><\/em><\/p>\n<ul>\n<li>1 d\u00e9c\u00e8s<\/li>\n<li>400 infractions routi\u00e8res : 130 stup, 8 pour possession d&rsquo;arme<\/li>\n<li>2 gendarme bless\u00e9 par mortier et feu d&rsquo;artifice<\/li>\n<li>187 intervention de secours dont 9 \u00e9vacuation vers un centre hospitalier en urgence relative<\/li>\n<li>15 hectares utilis\u00e9 par les f\u00eatards<\/li>\n<li>950 kg de d\u00e9chets en tout genre<\/li>\n<li>Entre 7 000 et 9 000 teufeurs<\/li>\n<\/ul>\n<p><img loading=\"lazy\" decoding=\"async\" class=\"alignnone size-medium wp-image-2259\" src=\"http:\/\/ffss-73.fr\/wp-content\/uploads\/2025\/08\/IMG-20250810-WA0015-225x300.jpg\" alt=\"\" width=\"225\" height=\"300\" srcset=\"https:\/\/ffss-73.fr\/wp-content\/uploads\/2025\/08\/IMG-20250810-WA0015-225x300.jpg 225w, https:\/\/ffss-73.fr\/wp-content\/uploads\/2025\/08\/IMG-20250810-WA0015-768x1024.jpg 768w, https:\/\/ffss-73.fr\/wp-content\/uploads\/2025\/08\/IMG-20250810-WA0015-1152x1536.jpg 1152w, https:\/\/ffss-73.fr\/wp-content\/uploads\/2025\/08\/IMG-20250810-WA0015.jpg 1200w\" sizes=\"auto, (max-width: 225px) 100vw, 225px\" \/> <img loading=\"lazy\" decoding=\"async\" class=\"alignnone size-medium wp-image-2262\" src=\"http:\/\/ffss-73.fr\/wp-content\/uploads\/2025\/08\/IMG-20250810-WA0011-225x300.jpg\" alt=\"\" width=\"225\" height=\"300\" srcset=\"https:\/\/ffss-73.fr\/wp-content\/uploads\/2025\/08\/IMG-20250810-WA0011-225x300.jpg 225w, https:\/\/ffss-73.fr\/wp-content\/uploads\/2025\/08\/IMG-20250810-WA0011-768x1024.jpg 768w, https:\/\/ffss-73.fr\/wp-content\/uploads\/2025\/08\/IMG-20250810-WA0011-1152x1536.jpg 1152w, https:\/\/ffss-73.fr\/wp-content\/uploads\/2025\/08\/IMG-20250810-WA0011.jpg 1200w\" sizes=\"auto, (max-width: 225px) 100vw, 225px\" \/> <img loading=\"lazy\" decoding=\"async\" class=\"alignnone size-medium wp-image-2261\" src=\"http:\/\/ffss-73.fr\/wp-content\/uploads\/2025\/08\/IMG-20250810-WA0012-225x300.jpg\" alt=\"\" width=\"225\" height=\"300\" srcset=\"https:\/\/ffss-73.fr\/wp-content\/uploads\/2025\/08\/IMG-20250810-WA0012-225x300.jpg 225w, https:\/\/ffss-73.fr\/wp-content\/uploads\/2025\/08\/IMG-20250810-WA0012-768x1024.jpg 768w, https:\/\/ffss-73.fr\/wp-content\/uploads\/2025\/08\/IMG-20250810-WA0012-1152x1536.jpg 1152w, https:\/\/ffss-73.fr\/wp-content\/uploads\/2025\/08\/IMG-20250810-WA0012.jpg 1200w\" sizes=\"auto, (max-width: 225px) 100vw, 225px\" \/> <img loading=\"lazy\" decoding=\"async\" class=\"alignnone size-medium wp-image-2260\" src=\"http:\/\/ffss-73.fr\/wp-content\/uploads\/2025\/08\/IMG-20250810-WA0013-225x300.jpg\" alt=\"\" width=\"225\" height=\"300\" srcset=\"https:\/\/ffss-73.fr\/wp-content\/uploads\/2025\/08\/IMG-20250810-WA0013-225x300.jpg 225w, https:\/\/ffss-73.fr\/wp-content\/uploads\/2025\/08\/IMG-20250810-WA0013-768x1024.jpg 768w, https:\/\/ffss-73.fr\/wp-content\/uploads\/2025\/08\/IMG-20250810-WA0013-1152x1536.jpg 1152w, https:\/\/ffss-73.fr\/wp-content\/uploads\/2025\/08\/IMG-20250810-WA0013.jpg 1200w\" sizes=\"auto, (max-width: 225px) 100vw, 225px\" \/><\/p>\n<p><strong>Exercice Crash d&rsquo;avion \u00e0 l&rsquo;A\u00e9roport de Chamb\u00e9ry &#8211; 10.05.2022<br \/>\n<\/strong>70 victimes (plastronn\u00e9es sur leurs atteintes traumatiques). Prise en charge des victimes (transport fictif) et des impliqu\u00e9s (100 personnes fictives dans l&rsquo;a\u00e9roport)<\/p>\n<p><img loading=\"lazy\" decoding=\"async\" class=\"alignnone wp-image-1224\" src=\"https:\/\/ffss-73.fr\/wp-content\/uploads\/2022\/05\/MANOEUVRE-AEROPORT-10.05.2022-211x300.jpg\" alt=\"\" width=\"402\" height=\"572\" srcset=\"https:\/\/ffss-73.fr\/wp-content\/uploads\/2022\/05\/MANOEUVRE-AEROPORT-10.05.2022-211x300.jpg 211w, https:\/\/ffss-73.fr\/wp-content\/uploads\/2022\/05\/MANOEUVRE-AEROPORT-10.05.2022-768x1090.jpg 768w, https:\/\/ffss-73.fr\/wp-content\/uploads\/2022\/05\/MANOEUVRE-AEROPORT-10.05.2022-721x1024.jpg 721w, https:\/\/ffss-73.fr\/wp-content\/uploads\/2022\/05\/MANOEUVRE-AEROPORT-10.05.2022-1200x1703.jpg 1200w\" sizes=\"auto, (max-width: 402px) 100vw, 402px\" \/><\/p>\n<p><strong>CRISE SANITAIRE COVID-19<\/strong> -&gt; Formations d\u00e9but\u00e9es en F\u00e9vrier 2021 : M\u00e9diateur <strong>T<\/strong>ester <strong>A<\/strong>lerter <strong>P<\/strong>rot\u00e9ger (TAP), M\u00e9diateur \u00ab\u00a0Contact Tracing\u00a0\u00bb<\/p>\n<p><img loading=\"lazy\" decoding=\"async\" class=\"wp-image-1223 alignleft\" src=\"https:\/\/ffss-73.fr\/wp-content\/uploads\/2022\/05\/MONTAGE-TAP-02.2021-213x300.jpg\" alt=\"\" width=\"403\" height=\"568\" srcset=\"https:\/\/ffss-73.fr\/wp-content\/uploads\/2022\/05\/MONTAGE-TAP-02.2021-213x300.jpg 213w, https:\/\/ffss-73.fr\/wp-content\/uploads\/2022\/05\/MONTAGE-TAP-02.2021-768x1082.jpg 768w, https:\/\/ffss-73.fr\/wp-content\/uploads\/2022\/05\/MONTAGE-TAP-02.2021-727x1024.jpg 727w, https:\/\/ffss-73.fr\/wp-content\/uploads\/2022\/05\/MONTAGE-TAP-02.2021-1200x1691.jpg 1200w, https:\/\/ffss-73.fr\/wp-content\/uploads\/2022\/05\/MONTAGE-TAP-02.2021.jpg 1241w\" sizes=\"auto, (max-width: 403px) 100vw, 403px\" \/><\/p>\n","protected":false},"excerpt":{"rendered":"<p>De par ses d\u00e9l\u00e9gations attribu\u00e9es par le Minist\u00e8re de l&rsquo;Int\u00e9rieur, le Comit\u00e9 concourt \u00e0 : &#8211; Mettre en place des Dispositifs Pr\u00e9visionnels de Secours (DPS) &#8211; Participer \u00e0 des op\u00e9rations de secours aux populations en difficult\u00e9 NOS PLANS D&rsquo;URGENCES Plan d&rsquo;h\u00e9bergement suite \u00e0 l&rsquo;\u00e9boulement de Mo\u00fbtiers Un accueil des rescap\u00e9s [&hellip;]<\/p>\n","protected":false},"author":1,"featured_media":0,"parent":0,"menu_order":0,"comment_status":"closed","ping_status":"closed","template":"","meta":{"footnotes":""},"class_list":["post-19","page","type-page","status-publish","hentry"],"_links":{"self":[{"href":"https:\/\/ffss-73.fr\/index.php\/wp-json\/wp\/v2\/pages\/19","targetHints":{"allow":["GET"]}}],"collection":[{"href":"https:\/\/ffss-73.fr\/index.php\/wp-json\/wp\/v2\/pages"}],"about":[{"href":"https:\/\/ffss-73.fr\/index.php\/wp-json\/wp\/v2\/types\/page"}],"author":[{"embeddable":true,"href":"https:\/\/ffss-73.fr\/index.php\/wp-json\/wp\/v2\/users\/1"}],"replies":[{"embeddable":true,"href":"https:\/\/ffss-73.fr\/index.php\/wp-json\/wp\/v2\/comments?post=19"}],"version-history":[{"count":15,"href":"https:\/\/ffss-73.fr\/index.php\/wp-json\/wp\/v2\/pages\/19\/revisions"}],"predecessor-version":[{"id":2271,"href":"https:\/\/ffss-73.fr\/index.php\/wp-json\/wp\/v2\/pages\/19\/revisions\/2271"}],"wp:attachment":[{"href":"https:\/\/ffss-73.fr\/index.php\/wp-json\/wp\/v2\/media?parent=19"}],"curies":[{"name":"wp","href":"https:\/\/api.w.org\/{rel}","templated":true}]}}