{"id":15,"date":"2018-09-28T17:47:34","date_gmt":"2018-09-28T15:47:34","guid":{"rendered":"http:\/\/ffss-73.fr\/?page_id=15"},"modified":"2026-01-08T16:12:54","modified_gmt":"2026-01-08T15:12:54","slug":"organigramme","status":"publish","type":"page","link":"https:\/\/ffss-73.fr\/index.php\/organigramme\/","title":{"rendered":"Organigramme 2026"},"content":{"rendered":"\n<div class=\"wp-block-group\"><div class=\"wp-block-group__inner-container is-layout-constrained wp-block-group-is-layout-constrained\">\n<p><\/p>\n\n\n\n<p><strong>Pr\u00e9sident : <\/strong>Ambier Bruno<\/p>\n<\/div><\/div>\n\n\n\n<p><strong>Vice Pr\u00e9sident : <\/strong>Janoty Bruno<\/p>\n\n\n\n<p><strong>M\u00e9decin R\u00e9f\u00e9rent : <\/strong>Sermoz Pierre<\/p>\n\n\n\n<p><strong>Psychoth\u00e9rapeute : <\/strong>Saez Laurent <\/p>\n\n\n\n<p><strong>Comptable : <\/strong>Genoulaz Micha\u00ebl<\/p>\n\n\n\n<p><strong>Adjoint :<\/strong> Benard Xavier<\/p>\n\n\n\n<p><strong>Responsable Formation Terrestre : <\/strong>Giangorgi Sophie<\/p>\n\n\n\n<p><strong>Responsable Formation Aquatique : <\/strong>Wilms \u00c9milie<\/p>\n\n\n\n<p><strong>Secr\u00e9taire G\u00e9n\u00e9rale et boutique vestimentaire : <\/strong>Claverie Mia<\/p>\n\n\n\n<p><\/p>\n","protected":false},"excerpt":{"rendered":"<p>Pr\u00e9sident : Ambier Bruno Vice Pr\u00e9sident : Janoty Bruno M\u00e9decin R\u00e9f\u00e9rent : Sermoz Pierre Psychoth\u00e9rapeute : Saez Laurent Comptable : Genoulaz Micha\u00ebl Adjoint : Benard Xavier Responsable Formation Terrestre : Giangorgi Sophie Responsable Formation Aquatique : Wilms \u00c9milie Secr\u00e9taire G\u00e9n\u00e9rale et boutique vestimentaire : Claverie Mia<\/p>\n","protected":false},"author":4,"featured_media":0,"parent":0,"menu_order":0,"comment_status":"closed","ping_status":"closed","template":"","meta":{"footnotes":""},"class_list":["post-15","page","type-page","status-publish","hentry"],"_links":{"self":[{"href":"https:\/\/ffss-73.fr\/index.php\/wp-json\/wp\/v2\/pages\/15","targetHints":{"allow":["GET"]}}],"collection":[{"href":"https:\/\/ffss-73.fr\/index.php\/wp-json\/wp\/v2\/pages"}],"about":[{"href":"https:\/\/ffss-73.fr\/index.php\/wp-json\/wp\/v2\/types\/page"}],"author":[{"embeddable":true,"href":"https:\/\/ffss-73.fr\/index.php\/wp-json\/wp\/v2\/users\/4"}],"replies":[{"embeddable":true,"href":"https:\/\/ffss-73.fr\/index.php\/wp-json\/wp\/v2\/comments?post=15"}],"version-history":[{"count":10,"href":"https:\/\/ffss-73.fr\/index.php\/wp-json\/wp\/v2\/pages\/15\/revisions"}],"predecessor-version":[{"id":2328,"href":"https:\/\/ffss-73.fr\/index.php\/wp-json\/wp\/v2\/pages\/15\/revisions\/2328"}],"wp:attachment":[{"href":"https:\/\/ffss-73.fr\/index.php\/wp-json\/wp\/v2\/media?parent=15"}],"curies":[{"name":"wp","href":"https:\/\/api.w.org\/{rel}","templated":true}]}}