{"id":13,"date":"2021-09-13T14:30:26","date_gmt":"2021-09-13T12:30:26","guid":{"rendered":"http:\/\/ffss-73.fr\/?page_id=13"},"modified":"2025-06-09T21:26:08","modified_gmt":"2025-06-09T19:26:08","slug":"la-federation","status":"publish","type":"page","link":"https:\/\/ffss-73.fr\/index.php\/la-federation\/","title":{"rendered":"La f\u00e9d\u00e9ration"},"content":{"rendered":"<p><img loading=\"lazy\" decoding=\"async\" class=\"size-full wp-image-131 aligncenter\" src=\"http:\/\/ffss-73.fr\/wp-content\/uploads\/2018\/10\/logo-ffss-203x190.png\" alt=\"\" width=\"203\" height=\"190\" \/><\/p>\n<h3><span style=\"color: #10b4d1;\">Notre F\u00e9d\u00e9ration<\/span><\/h3>\n<p><strong>La F\u00e9d\u00e9ration Fran\u00e7aise de Sauvetage et de Secourisme est un organisme de s\u00e9curit\u00e9 civile, fond\u00e9e en 1899, reconnue d&rsquo;utilit\u00e9 publique en 1929.<br \/>\n<\/strong><\/p>\n<p><span style=\"color: #d32f51;\"><b>Ses principales missions :<\/b><\/span><br \/>\n\u2022 D\u00e9velopper dans la population le sentiment du devoir, l\u2019\u00e9ducation morale, l\u2019enseignement rationnel des premiers soins \u00e0 donner et, par la pratique du sauvetage et du secourisme, les moyens appropri\u00e9s pour porter secours \u00e0 ses semblables.<br \/>\n\u2022 Contribuer au perfectionnement des engins de sauvetage et des moyens de s\u00e9curit\u00e9. Proc\u00e9der \u00e0 toutes recherches dans le domaine du sauvetage : mat\u00e9riel et \u00e9quipement du personnel, installations, application de la m\u00e9decine et de l\u2019hygi\u00e8ne au sauvetage et au secourisme.<\/p>\n<p><span style=\"color: #d32f51;\"><b>Ses activit\u00e9s :<\/b><\/span><br \/>\n\u2022 Sous la tutelle du Minist\u00e8re Jeunesse et sports : pratique des sports nautiques et formation au sauvetage nautique.<br \/>\n\u2022 Organisation de championnats (de toute nature) de Sauvetage et de Secourisme.<br \/>\n\u2022 Sous la tutelle du Minist\u00e8re de l\u2019Int\u00e9rieur : enseignement des gestes de secourisme de base et\/ou sp\u00e9cialis\u00e9.<br \/>\n\u2022 Formation des moniteurs encadrants et instructeurs nationaux de secourisme.<br \/>\n\u2022 Formation continue des titulaires de dipl\u00f4mes de sauvetage et secourisme.<br \/>\n\u2022 Sous tutelle du Minist\u00e8re du Travail : formation de personnel sp\u00e9cialis\u00e9 en Sauvetage Secourisme du Travail (SST) &#8211; formation continue de ce m\u00eame personnel.<\/p>\n<p><span style=\"color: #d32f51;\"><b>La FFSS est repr\u00e9sent\u00e9e par d\u00e9l\u00e9gation sur le territoire national par :<\/b><\/span><br \/>\n&#8211; Ses ligues r\u00e9gionales<br \/>\n&#8211; Ses comit\u00e9s d\u00e9partementaux<br \/>\n&#8211; Ses associations locales<\/p>\n<p><span style=\"color: #d32f51;\"><b>En 2025, la FFSS c&rsquo;est :<\/b><\/span><\/p>\n<ul>\n<li>73 688 licenci\u00e9s (dont 46 % de femmes)<\/li>\n<li>8 Ligues R\u00e9gionales<\/li>\n<li>65 Comit\u00e9s D\u00e9partementaux<\/li>\n<li>280\u00a0clubs<\/li>\n<\/ul>\n<p><span style=\"color: #d32f51;\"><b>Les p\u00f4les d&rsquo;activit\u00e9s demeurent essentiellement :<\/b><\/span><\/p>\n<p>&#8211; Le secourisme et les missions de s\u00e9curit\u00e9 civile (op\u00e9rationnelles) sous la tutelle du Minist\u00e8re de l\u2019Int\u00e9rieur.<br \/>\n&#8211; Le sauvetage sportif sous la tutelle du Minist\u00e8re Jeunesse et Sports et de la Vie Associative.<\/p>\n","protected":false},"excerpt":{"rendered":"<p>Notre F\u00e9d\u00e9ration La F\u00e9d\u00e9ration Fran\u00e7aise de Sauvetage et de Secourisme est un organisme de s\u00e9curit\u00e9 civile, fond\u00e9e en 1899, reconnue d&rsquo;utilit\u00e9 publique en 1929. Ses principales missions : \u2022 D\u00e9velopper dans la population le sentiment du devoir, l\u2019\u00e9ducation morale, l\u2019enseignement rationnel des premiers soins \u00e0 donner et, par la pratique [&hellip;]<\/p>\n","protected":false},"author":1,"featured_media":0,"parent":0,"menu_order":0,"comment_status":"closed","ping_status":"closed","template":"","meta":{"footnotes":""},"class_list":["post-13","page","type-page","status-publish","hentry"],"_links":{"self":[{"href":"https:\/\/ffss-73.fr\/index.php\/wp-json\/wp\/v2\/pages\/13","targetHints":{"allow":["GET"]}}],"collection":[{"href":"https:\/\/ffss-73.fr\/index.php\/wp-json\/wp\/v2\/pages"}],"about":[{"href":"https:\/\/ffss-73.fr\/index.php\/wp-json\/wp\/v2\/types\/page"}],"author":[{"embeddable":true,"href":"https:\/\/ffss-73.fr\/index.php\/wp-json\/wp\/v2\/users\/1"}],"replies":[{"embeddable":true,"href":"https:\/\/ffss-73.fr\/index.php\/wp-json\/wp\/v2\/comments?post=13"}],"version-history":[{"count":9,"href":"https:\/\/ffss-73.fr\/index.php\/wp-json\/wp\/v2\/pages\/13\/revisions"}],"predecessor-version":[{"id":2072,"href":"https:\/\/ffss-73.fr\/index.php\/wp-json\/wp\/v2\/pages\/13\/revisions\/2072"}],"wp:attachment":[{"href":"https:\/\/ffss-73.fr\/index.php\/wp-json\/wp\/v2\/media?parent=13"}],"curies":[{"name":"wp","href":"https:\/\/api.w.org\/{rel}","templated":true}]}}