{"id":110,"date":"2022-01-31T16:45:20","date_gmt":"2022-01-31T15:45:20","guid":{"rendered":"http:\/\/ffss-73.fr\/?page_id=110"},"modified":"2025-08-02T17:42:57","modified_gmt":"2025-08-02T15:42:57","slug":"sst-sauveteur-secouriste-du-travail","status":"publish","type":"page","link":"https:\/\/ffss-73.fr\/index.php\/sst-sauveteur-secouriste-du-travail\/","title":{"rendered":"SST &#8211; Sauveteur Secouriste du Travail"},"content":{"rendered":"<h3><span style=\"color: #00ccff;\"><img loading=\"lazy\" decoding=\"async\" class=\"wp-image-587 aligncenter\" src=\"https:\/\/ffss-73.fr\/wp-content\/uploads\/2020\/09\/logo-sst-300x300.png\" alt=\"\" width=\"213\" height=\"213\" srcset=\"https:\/\/ffss-73.fr\/wp-content\/uploads\/2020\/09\/logo-sst-300x300.png 300w, https:\/\/ffss-73.fr\/wp-content\/uploads\/2020\/09\/logo-sst-150x150.png 150w, https:\/\/ffss-73.fr\/wp-content\/uploads\/2020\/09\/logo-sst-768x768.png 768w, https:\/\/ffss-73.fr\/wp-content\/uploads\/2020\/09\/logo-sst-1024x1024.png 1024w, https:\/\/ffss-73.fr\/wp-content\/uploads\/2020\/09\/logo-sst-1200x1200.png 1200w, https:\/\/ffss-73.fr\/wp-content\/uploads\/2020\/09\/logo-sst.png 1900w\" sizes=\"auto, (max-width: 213px) 100vw, 213px\" \/><\/span><\/h3>\n<p style=\"text-align: center;\"><em><span style=\"color: #008000;\"><strong>Suivant le document de r\u00e9f\u00e9rence INRS V7.01\/2020<\/strong><\/span><\/em><\/p>\n<blockquote>\n<h3><span style=\"color: #00ccff;\">\u00a0 Public et pr\u00e9-requis<br \/>\n<\/span><\/h3>\n<\/blockquote>\n<ul>\n<li>Groupe : de 4 \u00e0 10 personnes maximum.<\/li>\n<li>Toute personne volontaire pour apporter les premiers secours en cas d\u2019accident ou malaise, sur le lieu de travail.<\/li>\n<li>Formation accessible aux personnes handicap\u00e9es : oui, merci de contacter le service formation<\/li>\n<\/ul>\n<blockquote>\n<h3>\u00a0 \u00a0<span style=\"color: #00ccff;\">Objectifs vis\u00e9s<\/span><\/h3>\n<\/blockquote>\n<p>A l\u2019issue de la formation le stagiaire sera capable de\u00a0:<\/p>\n<ul>\n<li>Mettre en application ses comp\u00e9tences au profil de la sant\u00e9 et s\u00e9curit\u00e9 de travail.<\/li>\n<li>Intervenir imm\u00e9diatement et efficacement en cas d\u2019accident du travail, dans l\u2019attente des secours sp\u00e9cialis\u00e9s.<\/li>\n<li>Reconna\u00eetre les risques professionnels et d\u2019articuler son action avec les autres acteurs de la pr\u00e9vention de l\u2019entreprise.<\/li>\n<\/ul>\n<blockquote>\n<h3><span style=\"color: #00ccff;\">\u00a0 \u00a0Contenu de la formation<\/span><\/h3>\n<\/blockquote>\n<p><em><strong>Intervenir face \u00e0 une situation d\u2019accident du travail.<\/strong><\/em><\/p>\n<ul>\n<li>1. Situer son r\u00f4le de SST dans l\u2019organisation des secours dans l\u2019entreprise<\/li>\n<li>2. Prot\u00e9ger de fa\u00e7on adapt\u00e9e<\/li>\n<li>3. Examiner la victime<\/li>\n<li>4. Garantir une alerte favorisant l\u2019arriv\u00e9e de secours adapt\u00e9s au plus pr\u00e8s de la victime<\/li>\n<li>5. Secourir la victime de mani\u00e8re appropri\u00e9e<\/li>\n<\/ul>\n<p><em><strong>Contribuer \u00e0 la pr\u00e9vention des risques professionnels dans l\u2019entreprise<\/strong><\/em><\/p>\n<ul>\n<li>6. Situer son r\u00f4le de SST dans l\u2019organisation de la pr\u00e9vention de l\u2019entreprise<\/li>\n<li>7. Caract\u00e9riser des risques professionnels dans une situation de travail<\/li>\n<li>8. Participer \u00e0 la ma\u00eetrise des risques professionnels par des actions de pr\u00e9vention<\/li>\n<\/ul>\n<blockquote>\n<h3><strong>\u00a0<span style=\"color: #00ccff;\"> Moyens p\u00e9dagogiques, techniques et d\u2019encadrement\u00a0<\/span><\/strong><\/h3>\n<\/blockquote>\n<ul>\n<li>Discussions de groupe \/ Animation diaporama informatique \/ Partage d\u2019exp\u00e9riences \/ Mise en situations pratiques.<\/li>\n<li>Mannequins adulte, enfant et nourrisson \/ D\u00e9fibrillateur Automatis\u00e9 Externe.<\/li>\n<li>Maquillage de simulation de blessures ou de brulures.<\/li>\n<li>Remise aux participants de l\u2019aide-m\u00e9moire \u00ab\u00a0Sauvetage secourisme du travail\u00a0\u00bb INRS et d\u2019un kit SST.<\/li>\n<li>Intervenant\u00a0: Formateur habilit\u00e9 INRS \u00e0 jour de recyclage du CD FFSS73.<\/li>\n<\/ul>\n<blockquote>\n<h3><span style=\"color: #00ccff;\"><strong>\u00a0 Suivi\u00a0 et \u00e9valuation\u00a0des r\u00e9sultats :<\/strong><\/span><\/h3>\n<\/blockquote>\n<ul>\n<li>Modalit\u00e9 d\u2019\u00e9valuation\u00a0: en continue, \u00e0 partir de mises en situation et certification finale.<\/li>\n<li>Questionnaire d\u2019\u00e9valuation de la satisfaction.<\/li>\n<li>Feuille d\u2019\u00e9margement.<\/li>\n<li>Attestation de fin de formation et d\u00e9livrance d\u2019un certificat.<\/li>\n<\/ul>\n<blockquote>\n<h3><span style=\"color: #00ccff;\"><strong>\u00a0 Dur\u00e9e, date et lieu\u00a0:<\/strong><\/span><\/h3>\n<\/blockquote>\n<ul>\n<li>14h en pr\u00e9sentiel pour une Formation Initiale SST.<\/li>\n<li>Date(s) \u00e0 d\u00e9finir.<\/li>\n<li>Lieu : dans les entreprises<\/li>\n<\/ul>\n<h3>\u00a0\u00a0\u00a0\u00a0\u00a0\u00a0\u00a0\u00a0\u00a0\u00a0\u00a0\u00a0\u00a0\u00a0\u00a0\u00a0\u00a0\u00a0\u00a0\u00a0\u00a0\u00a0\u00a0\u00a0\u00a0\u00a0\u00a0\u00a0\u00a0\u00a0\u00a0\u00a0\u00a0\u00a0\u00a0\u00a0\u00a0\u00a0\u00a0\u00a0\u00a0\u00a0\u00a0\u00a0\u00a0\u00a0\u00a0\u00a0\u00a0\u00a0\u00a0 <img loading=\"lazy\" decoding=\"async\" class=\"size-medium wp-image-591 alignnone\" src=\"https:\/\/ffss-73.fr\/wp-content\/uploads\/2020\/09\/SST-4-300x300.png\" alt=\"\" width=\"300\" height=\"300\" srcset=\"https:\/\/ffss-73.fr\/wp-content\/uploads\/2020\/09\/SST-4-300x300.png 300w, https:\/\/ffss-73.fr\/wp-content\/uploads\/2020\/09\/SST-4-150x150.png 150w, https:\/\/ffss-73.fr\/wp-content\/uploads\/2020\/09\/SST-4.png 400w\" sizes=\"auto, (max-width: 300px) 100vw, 300px\" \/><\/h3>\n<blockquote>\n<h3>\u00a0\u00a0 <span style=\"color: #00ccff;\">Tarifs <\/span><\/h3>\n<\/blockquote>\n<p><span style=\"color: #00ccff;\"><span style=\"color: #000000;\">Pour le tarif de la formation veuillez nous consulter.<\/span><br \/>\n<\/span><\/p>\n<p><img loading=\"lazy\" decoding=\"async\" class=\"alignnone wp-image-483\" src=\"https:\/\/ffss-73.fr\/wp-content\/uploads\/2020\/07\/Picto-catalogue-297x300.jpg\" alt=\"\" width=\"56\" height=\"57\" srcset=\"https:\/\/ffss-73.fr\/wp-content\/uploads\/2020\/07\/Picto-catalogue-297x300.jpg 297w, https:\/\/ffss-73.fr\/wp-content\/uploads\/2020\/07\/Picto-catalogue-150x150.jpg 150w, https:\/\/ffss-73.fr\/wp-content\/uploads\/2020\/07\/Picto-catalogue.jpg 710w\" sizes=\"auto, (max-width: 56px) 100vw, 56px\" \/><a href=\"https:\/\/ffss-73.fr\/wp-content\/uploads\/2020\/09\/Programme-FI-SST.pdf\">\u00a0\u00a0 Programme FI SST\u00a0&#8211; A TELECHARGER<\/a><\/p>\n<p><img loading=\"lazy\" decoding=\"async\" class=\"alignnone wp-image-483\" src=\"https:\/\/ffss-73.fr\/wp-content\/uploads\/2020\/07\/Picto-catalogue-297x300.jpg\" alt=\"\" width=\"56\" height=\"57\" srcset=\"https:\/\/ffss-73.fr\/wp-content\/uploads\/2020\/07\/Picto-catalogue-297x300.jpg 297w, https:\/\/ffss-73.fr\/wp-content\/uploads\/2020\/07\/Picto-catalogue-150x150.jpg 150w, https:\/\/ffss-73.fr\/wp-content\/uploads\/2020\/07\/Picto-catalogue.jpg 710w\" sizes=\"auto, (max-width: 56px) 100vw, 56px\" \/>\u00a0\u00a0 <a href=\"https:\/\/ffss-73.fr\/wp-content\/uploads\/2020\/09\/Demande-de-renseignements-entreprises-pour-SST-MAC-SST-CD-FFSS73-V1-10.09.2020.docx\">Fiche de renseignements entreprises pour SST &#8211; MAC SST &#8211; A TELECHARGER<\/a><\/p>\n","protected":false},"excerpt":{"rendered":"<p>Suivant le document de r\u00e9f\u00e9rence INRS V7.01\/2020 \u00a0 Public et pr\u00e9-requis Groupe : de 4 \u00e0 10 personnes maximum. Toute personne volontaire pour apporter les premiers secours en cas d\u2019accident ou malaise, sur le lieu de travail. Formation accessible aux personnes handicap\u00e9es : oui, merci de contacter le service formation [&hellip;]<\/p>\n","protected":false},"author":1,"featured_media":0,"parent":0,"menu_order":0,"comment_status":"closed","ping_status":"closed","template":"","meta":{"footnotes":""},"class_list":["post-110","page","type-page","status-publish","hentry"],"_links":{"self":[{"href":"https:\/\/ffss-73.fr\/index.php\/wp-json\/wp\/v2\/pages\/110","targetHints":{"allow":["GET"]}}],"collection":[{"href":"https:\/\/ffss-73.fr\/index.php\/wp-json\/wp\/v2\/pages"}],"about":[{"href":"https:\/\/ffss-73.fr\/index.php\/wp-json\/wp\/v2\/types\/page"}],"author":[{"embeddable":true,"href":"https:\/\/ffss-73.fr\/index.php\/wp-json\/wp\/v2\/users\/1"}],"replies":[{"embeddable":true,"href":"https:\/\/ffss-73.fr\/index.php\/wp-json\/wp\/v2\/comments?post=110"}],"version-history":[{"count":45,"href":"https:\/\/ffss-73.fr\/index.php\/wp-json\/wp\/v2\/pages\/110\/revisions"}],"predecessor-version":[{"id":2209,"href":"https:\/\/ffss-73.fr\/index.php\/wp-json\/wp\/v2\/pages\/110\/revisions\/2209"}],"wp:attachment":[{"href":"https:\/\/ffss-73.fr\/index.php\/wp-json\/wp\/v2\/media?parent=110"}],"curies":[{"name":"wp","href":"https:\/\/api.w.org\/{rel}","templated":true}]}}